{"id":621,"date":"2024-06-19T12:53:55","date_gmt":"2024-06-19T12:53:55","guid":{"rendered":"https:\/\/silkiptv.com\/?page_id=621"},"modified":"2024-10-07T08:56:22","modified_gmt":"2024-10-07T08:56:22","slug":"sartlar-ve-kosullar","status":"publish","type":"page","link":"https:\/\/silkiptv.com\/tr\/sartlar-ve-kosullar\/","title":{"rendered":"\u015eartlar ve ko\u015fullar"},"content":{"rendered":"<div data-elementor-type=\"wp-page\" data-elementor-id=\"621\" class=\"elementor elementor-621\">\n\t\t\t\t<div class=\"elementor-element elementor-element-2ba9668 e-flex e-con-boxed e-con e-parent\" data-id=\"2ba9668\" data-element_type=\"container\" data-e-type=\"container\" data-settings=\"{&quot;background_background&quot;:&quot;classic&quot;}\">\n\t\t\t\t\t<div class=\"e-con-inner\">\n\t\t\t\t<div class=\"elementor-element elementor-element-d9c700c elementor-widget elementor-widget-heading\" data-id=\"d9c700c\" data-element_type=\"widget\" data-e-type=\"widget\" data-widget_type=\"heading.default\">\n\t\t\t\t<div class=\"elementor-widget-container\">\n\t\t\t\t\t<h1 class=\"elementor-heading-title elementor-size-default\">\u015eartlar ve ko\u015fullar<\/h1>\t\t\t\t<\/div>\n\t\t\t\t<\/div>\n\t\t\t\t<div class=\"elementor-element elementor-element-5d8e195 elementor-widget elementor-widget-text-editor\" data-id=\"5d8e195\" data-element_type=\"widget\" data-e-type=\"widget\" data-widget_type=\"text-editor.default\">\n\t\t\t\t<div class=\"elementor-widget-container\">\n\t\t\t\t\t\t\t\t\t<p>Sipari\u015finizi vermeden \u00f6nce l\u00fctfen \u015fartlar\u0131m\u0131z\u0131 ve ko\u015fullar\u0131m\u0131z\u0131 g\u00f6zden ge\u00e7irin ve anlad\u0131\u011f\u0131n\u0131zdan emin olun. SILKIPTV&#039;ye abone olarak veya SILKIPTV&#039;den al\u0131\u015fveri\u015f yaparak a\u015fa\u011f\u0131daki \u015fartlar\u0131 kabul etmi\u015f olursunuz:<\/p><ol><li><p><strong>Ya\u015f \u015eart\u0131:<\/strong><\/p><ul><li>Hizmetlerimize abone olmak i\u00e7in en az 18 ya\u015f\u0131nda olmal\u0131s\u0131n\u0131z.<\/li><\/ul><\/li><li><p><strong>Abonelik S\u0131n\u0131rlamalar\u0131:<\/strong><\/p><ul><li>Her abonelik yaln\u0131zca bir ba\u011flant\u0131ya izin verir. Birden fazla ba\u011flant\u0131 kullan\u0131lmas\u0131 durumunda, para iadesi yap\u0131lmaks\u0131z\u0131n abonelik ask\u0131ya al\u0131nacakt\u0131r.<\/li><\/ul><\/li><li><p><strong>\u0130\u00e7erik De\u011fi\u015fiklikleri:<\/strong><\/p><ul><li>Kanallar ve Talep \u00dczerine Video (VOD) i\u00e7erikleri \u00f6nceden haber verilmeksizin de\u011fi\u015ftirilebilir veya kald\u0131r\u0131labilir.<\/li><\/ul><\/li><li><p><strong>Yeniden Da\u011f\u0131t\u0131m Yasa\u011f\u0131:<\/strong><\/p><ul><li>SILKIPTV, hizmetlerimiz arac\u0131l\u0131\u011f\u0131yla sa\u011flanan herhangi bir i\u00e7eri\u011fin yeniden yay\u0131nlanmas\u0131n\u0131, iletilmesini veya da\u011f\u0131t\u0131lmas\u0131n\u0131 kesinlikle yasaklar.<\/li><\/ul><\/li><li><p><strong>\u0130\u00e7erik Kalitesi:<\/strong><\/p><ul><li>\u0130\u00e7erik kalitesi, internet h\u0131z\u0131n\u0131z, bant geni\u015fli\u011finiz ve yay\u0131n kaynaklar\u0131 da dahil olmak \u00fczere \u00e7e\u015fitli fakt\u00f6rlerden etkilenir.<\/li><\/ul><\/li><li><p><strong>K\u00fcresel Eri\u015fim:<\/strong><\/p><ul><li>\u0130nternet servis sa\u011flay\u0131c\u0131n\u0131z hizmetlerimize eri\u015fimi engellemedi\u011fi s\u00fcrece, hizmetlerimiz d\u00fcnya genelinde mevcuttur.<\/li><\/ul><\/li><li><p><strong>Maliyetlerden Kullan\u0131c\u0131 Sorumlulu\u011fu:<\/strong><\/p><ul><li>Hizmetlerimizi kullan\u0131rken ortaya \u00e7\u0131kan veri kullan\u0131m\u0131 veya internet \u00fccretleriyle ilgili t\u00fcm masraflardan siz sorumlusunuz.<\/li><\/ul><\/li><li><p><strong>Bilgilerin Do\u011frulu\u011fu:<\/strong><\/p><ul><li>Sa\u011flad\u0131\u011f\u0131n\u0131z t\u00fcm bilgi ve verilerin do\u011fru olmas\u0131 gerekmektedir. Bizden yapt\u0131\u011f\u0131n\u0131z herhangi bir sat\u0131n alma i\u015flemi i\u00e7in kullan\u0131lan \u00f6deme y\u00f6nteminin sahibi olman\u0131z veya yasal olarak kullanma hakk\u0131na sahip olman\u0131z gerekmektedir.<\/li><\/ul><\/li><li><p><strong>Hizmet De\u011fi\u015fiklikleri:<\/strong><\/p><ul><li>Hizmetlerimiz, \u00f6nceden haber verilmeksizin herhangi bir zamanda de\u011fi\u015ftirilebilir veya g\u00fcncellenebilir.<\/li><\/ul><\/li><li><p><strong>Fesih Haklar\u0131:<\/strong><\/p><ul><li>\u015eart ve ko\u015fullar\u0131m\u0131zdan herhangi birini ihlal etti\u011finizi tespit etmemiz durumunda, \u00f6nceden bildirimde bulunmaks\u0131z\u0131n veya herhangi bir sorumluluk \u00fcstlenmeksizin, hizmetlerimize veya i\u00e7eri\u011fimize eri\u015fiminizi derhal sonland\u0131rma veya s\u0131n\u0131rlama hakk\u0131n\u0131 sakl\u0131 tutar\u0131z.<\/li><\/ul><\/li><li><p><strong>Fikri M\u00fclkiyet:<\/strong><\/p><ul><li>SILKIPTV&#039;ye ait t\u00fcm ticari markalar tescillidir ve a\u00e7\u0131k iznimiz olmadan hi\u00e7bir \u015fekilde kopyalanamaz, indirilemez, payla\u015f\u0131lamaz veya kullan\u0131lamaz.<\/li><\/ul><\/li><\/ol>\t\t\t\t\t\t\t\t<\/div>\n\t\t\t\t<\/div>\n\t\t\t\t\t<\/div>\n\t\t\t\t<\/div>\n\t\t\t\t<\/div>","protected":false},"excerpt":{"rendered":"<p>Terms and Conditions Before placing your order, please review and ensure you understand our terms and conditions. By subscribing to [&hellip;]<\/p>","protected":false},"author":1,"featured_media":0,"parent":0,"menu_order":0,"comment_status":"closed","ping_status":"closed","template":"","meta":{"site-sidebar-layout":"no-sidebar","site-content-layout":"","ast-site-content-layout":"full-width-container","site-content-style":"default","site-sidebar-style":"default","ast-global-header-display":"","ast-banner-title-visibility":"","ast-main-header-display":"","ast-hfb-above-header-display":"","ast-hfb-below-header-display":"","ast-hfb-mobile-header-display":"","site-post-title":"disabled","ast-breadcrumbs-content":"","ast-featured-img":"disabled","footer-sml-layout":"","ast-disable-related-posts":"","theme-transparent-header-meta":"","adv-header-id-meta":"","stick-header-meta":"","header-above-stick-meta":"","header-main-stick-meta":"","header-below-stick-meta":"","astra-migrate-meta-layouts":"default","ast-page-background-enabled":"default","ast-page-background-meta":{"desktop":{"background-color":"var(--ast-global-color-4)","background-image":"","background-repeat":"repeat","background-position":"center center","background-size":"auto","background-attachment":"scroll","background-type":"","background-media":"","overlay-type":"","overlay-color":"","overlay-opacity":"","overlay-gradient":""},"tablet":{"background-color":"","background-image":"","background-repeat":"repeat","background-position":"center center","background-size":"auto","background-attachment":"scroll","background-type":"","background-media":"","overlay-type":"","overlay-color":"","overlay-opacity":"","overlay-gradient":""},"mobile":{"background-color":"","background-image":"","background-repeat":"repeat","background-position":"center center","background-size":"auto","background-attachment":"scroll","background-type":"","background-media":"","overlay-type":"","overlay-color":"","overlay-opacity":"","overlay-gradient":""}},"ast-content-background-meta":{"desktop":{"background-color":"var(--ast-global-color-5)","background-image":"","background-repeat":"repeat","background-position":"center center","background-size":"auto","background-attachment":"scroll","background-type":"","background-media":"","overlay-type":"","overlay-color":"","overlay-opacity":"","overlay-gradient":""},"tablet":{"background-color":"var(--ast-global-color-5)","background-image":"","background-repeat":"repeat","background-position":"center center","background-size":"auto","background-attachment":"scroll","background-type":"","background-media":"","overlay-type":"","overlay-color":"","overlay-opacity":"","overlay-gradient":""},"mobile":{"background-color":"var(--ast-global-color-5)","background-image":"","background-repeat":"repeat","background-position":"center center","background-size":"auto","background-attachment":"scroll","background-type":"","background-media":"","overlay-type":"","overlay-color":"","overlay-opacity":"","overlay-gradient":""}},"footnotes":""},"class_list":["post-621","page","type-page","status-publish","hentry"],"_links":{"self":[{"href":"https:\/\/silkiptv.com\/tr\/wp-json\/wp\/v2\/pages\/621","targetHints":{"allow":["GET"]}}],"collection":[{"href":"https:\/\/silkiptv.com\/tr\/wp-json\/wp\/v2\/pages"}],"about":[{"href":"https:\/\/silkiptv.com\/tr\/wp-json\/wp\/v2\/types\/page"}],"author":[{"embeddable":true,"href":"https:\/\/silkiptv.com\/tr\/wp-json\/wp\/v2\/users\/1"}],"replies":[{"embeddable":true,"href":"https:\/\/silkiptv.com\/tr\/wp-json\/wp\/v2\/comments?post=621"}],"version-history":[{"count":19,"href":"https:\/\/silkiptv.com\/tr\/wp-json\/wp\/v2\/pages\/621\/revisions"}],"predecessor-version":[{"id":2095,"href":"https:\/\/silkiptv.com\/tr\/wp-json\/wp\/v2\/pages\/621\/revisions\/2095"}],"wp:attachment":[{"href":"https:\/\/silkiptv.com\/tr\/wp-json\/wp\/v2\/media?parent=621"}],"curies":[{"name":"wp","href":"https:\/\/api.w.org\/{rel}","templated":true}]}}