{"id":609,"date":"2024-06-19T12:43:07","date_gmt":"2024-06-19T12:43:07","guid":{"rendered":"https:\/\/silkiptv.com\/?page_id=609"},"modified":"2025-08-31T15:09:39","modified_gmt":"2025-08-31T15:09:39","slug":"geri-odeme-politikasi","status":"publish","type":"page","link":"https:\/\/silkiptv.com\/tr\/geri-odeme-politikasi\/","title":{"rendered":"Geri \u00d6deme Politikas\u0131"},"content":{"rendered":"<div data-elementor-type=\"wp-page\" data-elementor-id=\"609\" class=\"elementor elementor-609\">\n\t\t\t\t<div class=\"elementor-element elementor-element-bcea36b e-flex e-con-boxed e-con e-parent\" data-id=\"bcea36b\" data-element_type=\"container\" data-e-type=\"container\" data-settings=\"{&quot;background_background&quot;:&quot;classic&quot;}\">\n\t\t\t\t\t<div class=\"e-con-inner\">\n\t\t\t\t<div class=\"elementor-element elementor-element-1ee5dc8 elementor-widget elementor-widget-heading\" data-id=\"1ee5dc8\" data-element_type=\"widget\" data-e-type=\"widget\" data-widget_type=\"heading.default\">\n\t\t\t\t<div class=\"elementor-widget-container\">\n\t\t\t\t\t<h1 class=\"elementor-heading-title elementor-size-default\">Geri \u00d6deme Politikas\u0131<\/h1>\t\t\t\t<\/div>\n\t\t\t\t<\/div>\n\t\t\t\t<div class=\"elementor-element elementor-element-bebf003 elementor-widget elementor-widget-text-editor\" data-id=\"bebf003\" data-element_type=\"widget\" data-e-type=\"widget\" data-widget_type=\"text-editor.default\">\n\t\t\t\t<div class=\"elementor-widget-container\">\n\t\t\t\t\t\t\t\t\t<p>SILKIPTV&#039;den al\u0131\u015fveri\u015f yapmay\u0131 d\u00fc\u015f\u00fcnd\u00fc\u011f\u00fcn\u00fcz i\u00e7in te\u015fekk\u00fcr ederiz. A\u015fa\u011f\u0131da \u00f6zetlenen iade politikam\u0131z hakk\u0131nda a\u00e7\u0131k ve \u015feffaf bilgi vermeyi ama\u00e7l\u0131yoruz:<\/p><p><strong>\u0130ade ve De\u011fi\u015fiklik Politikas\u0131:<\/strong><\/p><p><span style=\"text-decoration: underline;\"><strong>Aboneli\u011finiz aktif hale getirildikten sonra, maalesef geri \u00f6deme veya de\u011fi\u015fiklik m\u00fcmk\u00fcn de\u011fildir. SILKIPTV&#039;nin sorumlulu\u011fu, aboneli\u011finizi kararla\u015ft\u0131r\u0131lan s\u00fcre boyunca aktif hale getirmekle s\u0131n\u0131rl\u0131d\u0131r. <\/strong><\/span><\/p><p>Etkinle\u015ftirme i\u015fleminin ard\u0131ndan, etkinle\u015ftirme kan\u0131t\u0131 olarak kay\u0131tl\u0131 e-posta adresinize panelimizden bir onay ekran g\u00f6r\u00fcnt\u00fcs\u00fc g\u00f6nderece\u011fiz.<\/p><p><strong>Etkinle\u015ftirme S\u00fcreci:<\/strong><\/p><p>Sipari\u015finizi ald\u0131ktan sonraki 24 saat i\u00e7inde IPTV Aboneliklerinizi ve IPTV Bayi Panellerinizi etkinle\u015ftirmeyi ve teslim etmeyi hedefliyoruz. Sorunsuz bir aktivasyon s\u00fcreci i\u00e7in l\u00fctfen IPTV Aboneli\u011finizi kullanmak \u00fczere cihaz t\u00fcr\u00fc bilgilerinizi bize iletti\u011finizden emin olun.<\/p><p><strong>Cihaz Bilgileri:<\/strong><\/p><p>Sipari\u015f notlar\u0131nda cihaz bilgisi belirtilmemi\u015fse, m3u oynatma listesini etkinle\u015ftirip g\u00f6ndermeye devam edece\u011fiz. L\u00fctfen format g\u00f6nderildikten sonra gelecekte ba\u015fka bir t\u00fcre de\u011fi\u015ftiremeyece\u011fimizi unutmay\u0131n.<\/p><p><strong>\u0130\u00e7erik ve Hizmet Sorumluluk Reddi Beyan\u0131:<\/strong><\/p><p>L\u00fctfen unutmay\u0131n ki, IPTV hizmetlerinin do\u011fas\u0131 gere\u011fi, SILKIPTV sa\u011flanan i\u00e7erik veya bununla ilgili herhangi bir sorun \u00fczerinde kontrol sahibi de\u011fildir.<\/p><p><strong>\u0130leti\u015fim Bilgileri:<\/strong><\/p><p>Para iade politikam\u0131zla ilgili herhangi bir sorunuz veya endi\u015feniz varsa, l\u00fctfen bizimle ileti\u015fime ge\u00e7mekten \u00e7ekinmeyin.<\/p><p>SILKIPTV&#039;yi tercih etti\u011finiz i\u00e7in te\u015fekk\u00fcr ederiz. \u0130\u015fbirli\u011finiz i\u00e7in minnettar\u0131z ve kaliteli hizmet sunmaya kararl\u0131y\u0131z.<\/p>\t\t\t\t\t\t\t\t<\/div>\n\t\t\t\t<\/div>\n\t\t\t\t\t<\/div>\n\t\t\t\t<\/div>\n\t\t\t\t<\/div>","protected":false},"excerpt":{"rendered":"<p>Refund Policy Thank you for considering a purchase with SILKIPTV. We aim to provide clear and transparent information about our [&hellip;]<\/p>","protected":false},"author":1,"featured_media":0,"parent":0,"menu_order":0,"comment_status":"closed","ping_status":"closed","template":"","meta":{"site-sidebar-layout":"no-sidebar","site-content-layout":"","ast-site-content-layout":"full-width-container","site-content-style":"default","site-sidebar-style":"default","ast-global-header-display":"","ast-banner-title-visibility":"","ast-main-header-display":"","ast-hfb-above-header-display":"","ast-hfb-below-header-display":"","ast-hfb-mobile-header-display":"","site-post-title":"disabled","ast-breadcrumbs-content":"","ast-featured-img":"disabled","footer-sml-layout":"","ast-disable-related-posts":"","theme-transparent-header-meta":"","adv-header-id-meta":"","stick-header-meta":"","header-above-stick-meta":"","header-main-stick-meta":"","header-below-stick-meta":"","astra-migrate-meta-layouts":"default","ast-page-background-enabled":"default","ast-page-background-meta":{"desktop":{"background-color":"var(--ast-global-color-4)","background-image":"","background-repeat":"repeat","background-position":"center center","background-size":"auto","background-attachment":"scroll","background-type":"","background-media":"","overlay-type":"","overlay-color":"","overlay-opacity":"","overlay-gradient":""},"tablet":{"background-color":"","background-image":"","background-repeat":"repeat","background-position":"center center","background-size":"auto","background-attachment":"scroll","background-type":"","background-media":"","overlay-type":"","overlay-color":"","overlay-opacity":"","overlay-gradient":""},"mobile":{"background-color":"","background-image":"","background-repeat":"repeat","background-position":"center center","background-size":"auto","background-attachment":"scroll","background-type":"","background-media":"","overlay-type":"","overlay-color":"","overlay-opacity":"","overlay-gradient":""}},"ast-content-background-meta":{"desktop":{"background-color":"var(--ast-global-color-5)","background-image":"","background-repeat":"repeat","background-position":"center center","background-size":"auto","background-attachment":"scroll","background-type":"","background-media":"","overlay-type":"","overlay-color":"","overlay-opacity":"","overlay-gradient":""},"tablet":{"background-color":"var(--ast-global-color-5)","background-image":"","background-repeat":"repeat","background-position":"center center","background-size":"auto","background-attachment":"scroll","background-type":"","background-media":"","overlay-type":"","overlay-color":"","overlay-opacity":"","overlay-gradient":""},"mobile":{"background-color":"var(--ast-global-color-5)","background-image":"","background-repeat":"repeat","background-position":"center center","background-size":"auto","background-attachment":"scroll","background-type":"","background-media":"","overlay-type":"","overlay-color":"","overlay-opacity":"","overlay-gradient":""}},"footnotes":""},"class_list":["post-609","page","type-page","status-publish","hentry"],"_links":{"self":[{"href":"https:\/\/silkiptv.com\/tr\/wp-json\/wp\/v2\/pages\/609","targetHints":{"allow":["GET"]}}],"collection":[{"href":"https:\/\/silkiptv.com\/tr\/wp-json\/wp\/v2\/pages"}],"about":[{"href":"https:\/\/silkiptv.com\/tr\/wp-json\/wp\/v2\/types\/page"}],"author":[{"embeddable":true,"href":"https:\/\/silkiptv.com\/tr\/wp-json\/wp\/v2\/users\/1"}],"replies":[{"embeddable":true,"href":"https:\/\/silkiptv.com\/tr\/wp-json\/wp\/v2\/comments?post=609"}],"version-history":[{"count":19,"href":"https:\/\/silkiptv.com\/tr\/wp-json\/wp\/v2\/pages\/609\/revisions"}],"predecessor-version":[{"id":2740,"href":"https:\/\/silkiptv.com\/tr\/wp-json\/wp\/v2\/pages\/609\/revisions\/2740"}],"wp:attachment":[{"href":"https:\/\/silkiptv.com\/tr\/wp-json\/wp\/v2\/media?parent=609"}],"curies":[{"name":"wp","href":"https:\/\/api.w.org\/{rel}","templated":true}]}}