{"id":568,"date":"2024-06-19T10:43:23","date_gmt":"2024-06-19T10:43:23","guid":{"rendered":"https:\/\/silkiptv.com\/?page_id=568"},"modified":"2024-10-07T09:00:10","modified_gmt":"2024-10-07T09:00:10","slug":"hakkimizda","status":"publish","type":"page","link":"https:\/\/silkiptv.com\/tr\/hakkimizda\/","title":{"rendered":"Hakk\u0131m\u0131zda"},"content":{"rendered":"<div data-elementor-type=\"wp-page\" data-elementor-id=\"568\" class=\"elementor elementor-568\">\n\t\t\t\t<div class=\"elementor-element elementor-element-1ef2931 e-flex e-con-boxed e-con e-parent\" data-id=\"1ef2931\" data-element_type=\"container\" data-e-type=\"container\" data-settings=\"{&quot;background_background&quot;:&quot;classic&quot;}\">\n\t\t\t\t\t<div class=\"e-con-inner\">\n\t\t\t\t<div class=\"elementor-element elementor-element-76b0462 elementor-widget elementor-widget-heading\" data-id=\"76b0462\" data-element_type=\"widget\" data-e-type=\"widget\" data-widget_type=\"heading.default\">\n\t\t\t\t<div class=\"elementor-widget-container\">\n\t\t\t\t\t<h1 class=\"elementor-heading-title elementor-size-default\">Bizleri Ke\u015ffedin<\/h1>\t\t\t\t<\/div>\n\t\t\t\t<\/div>\n\t\t\t\t<div class=\"elementor-element elementor-element-a827696 elementor-widget elementor-widget-text-editor\" data-id=\"a827696\" data-element_type=\"widget\" data-e-type=\"widget\" data-widget_type=\"text-editor.default\">\n\t\t\t\t<div class=\"elementor-widget-container\">\n\t\t\t\t\t\t\t\t\t<p>\u015eirketimize g\u00f6sterdi\u011finiz ilgi i\u00e7in te\u015fekk\u00fcr ederiz! SILKIPTV olarak, an\u0131nda aktivasyon ve \u00fccretsiz kurulum ile d\u00fcnya \u00e7ap\u0131nda kullan\u0131labilen birinci s\u0131n\u0131f IPTV yay\u0131n hizmetleri sunuyoruz. Alan\u0131nda uzman teknik ekibimiz, en iyi yay\u0131n deneyimini ya\u015faman\u0131z\u0131 sa\u011flar.<\/p><p>Y\u0131llar\u0131n verdi\u011fi deneyimle, \u00f6nde gelen bir IPTV sa\u011flay\u0131c\u0131s\u0131 olduk. Hizmetlerimizden ak\u0131ll\u0131 TV&#039;ler, diz\u00fcst\u00fc bilgisayarlar, tabletler, ak\u0131ll\u0131 telefonlar ve daha bir\u00e7ok cihazda yararlanabilirsiniz.<\/p><p>Bir IPTV bayisi olarak, evden binlerce dolar kazanabilirsiniz. Hem kullan\u0131c\u0131lar hem de bayiler i\u00e7in en uygun IPTV fiyatlar\u0131n\u0131 sunuyoruz; bu da b\u00fcy\u00fcyen IPTV toplulu\u011funa kat\u0131lmak i\u00e7in harika bir zaman oldu\u011fu anlam\u0131na geliyor.<\/p>\t\t\t\t\t\t\t\t<\/div>\n\t\t\t\t<\/div>\n\t\t\t\t\t<\/div>\n\t\t\t\t<\/div>\n\t\t\t\t<\/div>","protected":false},"excerpt":{"rendered":"<p>Discover Who We Are Thank you for your interest in our company! At SILKIPTV, we offer top-notch IPTV streaming services [&hellip;]<\/p>","protected":false},"author":1,"featured_media":0,"parent":0,"menu_order":0,"comment_status":"closed","ping_status":"closed","template":"","meta":{"site-sidebar-layout":"no-sidebar","site-content-layout":"","ast-site-content-layout":"full-width-container","site-content-style":"default","site-sidebar-style":"default","ast-global-header-display":"","ast-banner-title-visibility":"","ast-main-header-display":"","ast-hfb-above-header-display":"","ast-hfb-below-header-display":"","ast-hfb-mobile-header-display":"","site-post-title":"disabled","ast-breadcrumbs-content":"","ast-featured-img":"disabled","footer-sml-layout":"","ast-disable-related-posts":"","theme-transparent-header-meta":"","adv-header-id-meta":"","stick-header-meta":"","header-above-stick-meta":"","header-main-stick-meta":"","header-below-stick-meta":"","astra-migrate-meta-layouts":"default","ast-page-background-enabled":"default","ast-page-background-meta":{"desktop":{"background-color":"var(--ast-global-color-4)","background-image":"","background-repeat":"repeat","background-position":"center center","background-size":"auto","background-attachment":"scroll","background-type":"","background-media":"","overlay-type":"","overlay-color":"","overlay-opacity":"","overlay-gradient":""},"tablet":{"background-color":"","background-image":"","background-repeat":"repeat","background-position":"center center","background-size":"auto","background-attachment":"scroll","background-type":"","background-media":"","overlay-type":"","overlay-color":"","overlay-opacity":"","overlay-gradient":""},"mobile":{"background-color":"","background-image":"","background-repeat":"repeat","background-position":"center center","background-size":"auto","background-attachment":"scroll","background-type":"","background-media":"","overlay-type":"","overlay-color":"","overlay-opacity":"","overlay-gradient":""}},"ast-content-background-meta":{"desktop":{"background-color":"var(--ast-global-color-5)","background-image":"","background-repeat":"repeat","background-position":"center center","background-size":"auto","background-attachment":"scroll","background-type":"","background-media":"","overlay-type":"","overlay-color":"","overlay-opacity":"","overlay-gradient":""},"tablet":{"background-color":"var(--ast-global-color-5)","background-image":"","background-repeat":"repeat","background-position":"center center","background-size":"auto","background-attachment":"scroll","background-type":"","background-media":"","overlay-type":"","overlay-color":"","overlay-opacity":"","overlay-gradient":""},"mobile":{"background-color":"var(--ast-global-color-5)","background-image":"","background-repeat":"repeat","background-position":"center center","background-size":"auto","background-attachment":"scroll","background-type":"","background-media":"","overlay-type":"","overlay-color":"","overlay-opacity":"","overlay-gradient":""}},"footnotes":""},"class_list":["post-568","page","type-page","status-publish","hentry"],"_links":{"self":[{"href":"https:\/\/silkiptv.com\/tr\/wp-json\/wp\/v2\/pages\/568","targetHints":{"allow":["GET"]}}],"collection":[{"href":"https:\/\/silkiptv.com\/tr\/wp-json\/wp\/v2\/pages"}],"about":[{"href":"https:\/\/silkiptv.com\/tr\/wp-json\/wp\/v2\/types\/page"}],"author":[{"embeddable":true,"href":"https:\/\/silkiptv.com\/tr\/wp-json\/wp\/v2\/users\/1"}],"replies":[{"embeddable":true,"href":"https:\/\/silkiptv.com\/tr\/wp-json\/wp\/v2\/comments?post=568"}],"version-history":[{"count":22,"href":"https:\/\/silkiptv.com\/tr\/wp-json\/wp\/v2\/pages\/568\/revisions"}],"predecessor-version":[{"id":2101,"href":"https:\/\/silkiptv.com\/tr\/wp-json\/wp\/v2\/pages\/568\/revisions\/2101"}],"wp:attachment":[{"href":"https:\/\/silkiptv.com\/tr\/wp-json\/wp\/v2\/media?parent=568"}],"curies":[{"name":"wp","href":"https:\/\/api.w.org\/{rel}","templated":true}]}}