{"id":3069,"date":"2025-09-17T11:39:19","date_gmt":"2025-09-17T11:39:19","guid":{"rendered":"https:\/\/silkiptv.com\/?page_id=3069"},"modified":"2025-09-17T11:42:04","modified_gmt":"2025-09-17T11:42:04","slug":"ortaklik-kullanim-sartlari","status":"publish","type":"page","link":"https:\/\/silkiptv.com\/tr\/ortaklik-kullanim-sartlari\/","title":{"rendered":"\u0130\u015f Orta\u011f\u0131 Kullan\u0131m \u015eartlar\u0131"},"content":{"rendered":"<h2 class=\"wp-block-heading\">\u0130\u015f Orta\u011f\u0131 Kullan\u0131m \u015eartlar\u0131<\/h2>\n\n\n\n<p>SILKIPTV&#039;nin yetkili bir i\u015ftirak\u00e7isi (\u0130\u015ftirak\u00e7i) olarak, bu S\u00f6zle\u015fmede (S\u00f6zle\u015fme) yer alan h\u00fck\u00fcm ve ko\u015fullara uymay\u0131 kabul edersiniz. L\u00fctfen \u0130\u015ftirak\u00e7i olarak kaydolmadan ve SILKIPTV&#039;yi tan\u0131tmadan \u00f6nce S\u00f6zle\u015fmenin tamam\u0131n\u0131 dikkatlice okuyun.<\/p>\n\n\n\n<p>Programa kat\u0131l\u0131m\u0131n\u0131z, yaln\u0131zca web sitemizin yasal reklam\u0131n\u0131 yapmak ve kendi web siteniz veya ki\u015fisel referanslar\u0131n\u0131z arac\u0131l\u0131\u011f\u0131yla SILKIPTV&#039;ye y\u00f6nlendirdi\u011finiz ki\u015filer taraf\u0131ndan sat\u0131n al\u0131nan \u00fcyelikler ve \u00fcr\u00fcnler \u00fczerinden komisyon almak i\u00e7indir.<\/p>\n\n\n\n<p>SILKIPTV Ortakl\u0131k Program\u0131na (Program) kaydolmakla, bu S\u00f6zle\u015fmeyi ve \u015fartlar\u0131n\u0131 kabul etti\u011finizi belirtmi\u015f olursunuz.<\/p>\n\n\n\n<h2 class=\"wp-block-heading\" id=\"approval-or-rejection\">Ba\u015fvurunun Onaylanmas\u0131 veya Reddedilmesi<\/h2>\n\n\n\n<p>Herhangi bir Ortakl\u0131k Program\u0131 Ba\u015fvurusunu tamamen kendi takdirimize ba\u011fl\u0131 olarak onaylama veya reddetme hakk\u0131n\u0131 sakl\u0131 tutuyoruz. Ortakl\u0131k Program\u0131 Ba\u015fvurunuzun reddedilmesi durumunda bize kar\u015f\u0131 hi\u00e7bir yasal hakk\u0131n\u0131z olmayacakt\u0131r.<\/p>\n\n\n\n<h2 class=\"wp-block-heading\" id=\"commissions\">Komisyonlar<\/h2>\n\n\n\n<p>Komisyonlar ayda bir kez \u00f6denecektir. Bir i\u015f orta\u011f\u0131n\u0131n komisyon alabilmesi i\u00e7in, y\u00f6nlendirdi\u011fi hesab\u0131n en az 31 g\u00fcn aktif kalmas\u0131 gerekmektedir.<\/p>\n\n\n\n<p>Kendinizi referans g\u00f6steremezsiniz ve kendi hesaplar\u0131n\u0131zdan komisyon alamazs\u0131n\u0131z.<\/p>\n\n\n\n<p>\u00d6demeler yaln\u0131zca ba\u015far\u0131yla tamamlanan i\u015flemler i\u00e7in g\u00f6nderilecektir. Geri \u00f6deme veya iade ile sonu\u00e7lanan i\u015flemler i\u00e7in \u00f6deme yap\u0131lmayacakt\u0131r.<\/p>\n\n\n\n<h2 class=\"wp-block-heading\" id=\"termination\">Fesih<\/h2>\n\n\n\n<p>\u0130\u015ftirak ba\u015fvurunuz ve Programdaki durumunuz a\u015fa\u011f\u0131daki nedenlerden herhangi biri nedeniyle ask\u0131ya al\u0131nabilir veya sonland\u0131r\u0131labilir:<\/p>\n\n\n\n<ul class=\"wp-block-list\">\n<li>Uygunsuz reklamlar (yanl\u0131\u015f iddialar, yan\u0131lt\u0131c\u0131 ba\u011flant\u0131lar vb.).<\/li>\n\n\n\n<li>Spam g\u00f6nderme (toplu e-posta, toplu haber grubu g\u00f6nderisi vb.).<\/li>\n\n\n\n<li>Yasad\u0131\u015f\u0131 faaliyetler i\u00e7eren veya bunlar\u0131 te\u015fvik eden sitelerde reklam yay\u0131nlamak.<\/li>\n\n\n\n<li>Federal Ticaret Komisyonu&#039;nun mevcut y\u00f6nergeleri ve d\u00fczenlemeleri veya ge\u00e7erli eyalet yasalar\u0131 uyar\u0131nca onay niteli\u011fi ta\u015f\u0131yan herhangi bir tan\u0131t\u0131m i\u00e7in ortakl\u0131k ili\u015fkisinin a\u00e7\u0131klanmamas\u0131.<\/li>\n\n\n\n<li>Fikri m\u00fclkiyet haklar\u0131n\u0131n ihlali. SILKIPTV, fikri m\u00fclkiyet haklar\u0131m\u0131z\u0131 korumak amac\u0131yla, SILKIPTV&#039;nin ticari markalar\u0131n\u0131 kullananlardan lisans s\u00f6zle\u015fmesi talep etme hakk\u0131n\u0131 sakl\u0131 tutar.<\/li>\n\n\n\n<li>Sat\u0131\u015f ortakl\u0131\u011f\u0131 komisyonunuzdan indirim, kupon veya di\u011fer vaat edilen geri \u00f6deme bi\u00e7imlerini te\u015fvik olarak sunmak kabul edilebilir. Ancak, SILKIPTV ile birlikte bonuslar eklemek veya di\u011fer \u00fcr\u00fcnleri paketlemek de kabul edilebilir.<\/li>\n\n\n\n<li>Kendi kendine y\u00f6nlendirmeler, sahte i\u015flemler, \u015f\u00fcpheli ortakl\u0131k doland\u0131r\u0131c\u0131l\u0131\u011f\u0131.<\/li>\n<\/ul>\n\n\n\n<p>Yukar\u0131da belirtilenlere ek olarak, SILKIPTV, bu S\u00f6zle\u015fmenin herhangi bir ihlali nedeniyle veya hi\u00e7bir sebep olmaks\u0131z\u0131n, herhangi bir Ortakl\u0131k hesab\u0131n\u0131 istedi\u011fi zaman feshetme hakk\u0131n\u0131 sakl\u0131 tutar.<\/p>\n\n\n\n<h2 class=\"wp-block-heading\" id=\"affiliate-links\">Ortakl\u0131k Ba\u011flant\u0131lar\u0131<\/h2>\n\n\n\n<p>Hem web sitenizde hem de e-posta mesajlar\u0131n\u0131zda grafik ve metin ba\u011flant\u0131lar\u0131 kullanabilirsiniz. Ayr\u0131ca SILKIPTV sitesinin reklam\u0131n\u0131 \u00e7evrimi\u00e7i ve \u00e7evrimd\u0131\u015f\u0131 ilanlarda, dergilerde ve gazetelerde de yapabilirsiniz.<\/p>\n\n\n\n<p>Sa\u011flad\u0131\u011f\u0131m\u0131z grafikleri ve metinleri kullanabilir veya \u015fartlara uygun olduklar\u0131 ve Fesih b\u00f6l\u00fcm\u00fcnde belirtilen h\u00fck\u00fcmleri ihlal etmedikleri s\u00fcrece kendi grafiklerinizi ve metinlerinizi olu\u015fturabilirsiniz.<\/p>\n\n\n\n<h2 class=\"wp-block-heading\" id=\"coupon-and-deal-sites\">Kupon ve F\u0131rsat Siteleri<\/h2>\n\n\n\n<p>SILKIPTV zaman zaman belirli i\u015f ortaklar\u0131na ve b\u00fclten abonelerimize kuponlar sunmaktad\u0131r. \u00d6nceden onaylanmad\u0131ysan\u0131z\/markal\u0131 bir kupon atanmad\u0131ysan\u0131z, kuponu tan\u0131tman\u0131za izin verilmez. A\u015fa\u011f\u0131da, bir f\u0131rsat veya kuponla ilgili olarak \u00fcr\u00fcnlerimizin tan\u0131t\u0131m\u0131n\u0131 yapmay\u0131 d\u00fc\u015f\u00fcnen t\u00fcm i\u015f ortaklar\u0131 i\u00e7in ge\u00e7erli olan \u015fartlar yer almaktad\u0131r:<\/p>\n\n\n\n<ul class=\"wp-block-list\">\n<li>\u0130\u015ftirak\u00e7iler, i\u015ftirak ba\u011flant\u0131lar\u0131nda, d\u00fc\u011fmelerinde veya g\u00f6rsellerinde, belirli i\u015ftirak\u00e7iye halihaz\u0131rda yetkilendirilmi\u015f anla\u015fmalar d\u0131\u015f\u0131nda herhangi bir \u015feyin yap\u0131ld\u0131\u011f\u0131n\u0131 ima edecek yan\u0131lt\u0131c\u0131 metinler kullanamazlar.<\/li>\n\n\n\n<li>\u0130\u015ftirak\u00e7iler, SILKIPTV Kuponlar\u0131, SILKIPTV \u0130ndirimleri veya kuponlar\u0131n mevcut oldu\u011funu ima eden di\u011fer ifadeler \u00fczerinden teklif veremezler.<\/li>\n\n\n\n<li>\u0130\u015ftirak\u00e7iler, kullan\u0131c\u0131n\u0131n belirli bir kupon veya f\u0131rsat i\u00e7in a\u00e7\u0131k\u00e7a i\u015faretlenmi\u015f bir ba\u011flant\u0131ya, d\u00fc\u011fmeye veya resme t\u0131klayarak belirli bir indirimi etkinle\u015ftirmeye a\u00e7\u0131k ve net bir \u015fekilde ilgi g\u00f6stermedi\u011fi s\u00fcrece, a\u00e7\u0131l\u0131r pencereler, alt pencereler, iframe&#039;ler, \u00e7er\u00e7eveler veya i\u015ftirak\u00e7i \u00e7erezlerini ayarlayan di\u011fer g\u00f6r\u00fcnen veya g\u00f6r\u00fcnmeyen eylemler olu\u015fturamazlar. Ba\u011flant\u0131n\u0131z ziyaret\u00e7iyi sat\u0131c\u0131 sitesine y\u00f6nlendirmelidir.<\/li>\n\n\n\n<li>Kullan\u0131c\u0131n\u0131n, ortakl\u0131k \u00e7erezinin ayarlanmas\u0131ndan \u00f6nce kupon\/f\u0131rsat\/indirim bilgilerini ve ayr\u0131nt\u0131lar\u0131n\u0131 g\u00f6rebilmesi gerekir (\u00f6rne\u011fin, &quot;kuponlar\u0131 g\u00f6rmek ve sat\u0131c\u0131 sitesine y\u00f6nlendirmek i\u00e7in buraya t\u0131klay\u0131n&quot; ifadesine \u0130Z\u0130N VER\u0130LMEZ).<\/li>\n\n\n\n<li>\u0130\u015ftirak sitelerinde, ge\u00e7erli kupon veya f\u0131rsat bulunmad\u0131\u011f\u0131nda ve t\u0131klama sat\u0131c\u0131 sitesini a\u00e7t\u0131\u011f\u0131nda veya \u00e7erez yerle\u015ftirdi\u011finde, &quot;F\u0131rsat\u0131\/Kuponu g\u00f6rmek i\u00e7in t\u0131klay\u0131n&quot; veya benzeri bir ifade yer almamal\u0131d\u0131r. Sat\u0131c\u0131 a\u00e7\u0131l\u0131\u015f sayfas\u0131nda bu t\u00fcr bir metin bulunan i\u015ftirakler programdan derhal \u00e7\u0131kar\u0131lacakt\u0131r.<\/li>\n<\/ul>\n\n\n\n<h2 class=\"wp-block-heading\" id=\"ppc-policy\">T\u0131klama Ba\u015f\u0131na \u00d6deme (PPC) Politikas\u0131<\/h2>\n\n\n\n<p>\u00d6nceden yaz\u0131l\u0131 izin al\u0131nmadan PPC teklif verme i\u015flemi yap\u0131lamaz.<\/p>\n\n\n\n<h2 class=\"wp-block-heading\" id=\"liability\">Y\u00fck\u00fcml\u00fcl\u00fck<\/h2>\n\n\n\n<p>SILKIPTV, ba\u011fl\u0131 kurulu\u015f izleme hatalar\u0131, veritaban\u0131 dosyalar\u0131n\u0131n kayb\u0131 veya Programa ve\/veya web sitelerimize y\u00f6nelik kas\u0131tl\u0131 zarar verme eylemlerinden kaynaklanan dolayl\u0131 veya tesad\u00fcfi zararlardan (gelir kayb\u0131, komisyon kayb\u0131) sorumlu tutulamaz.<\/p>\n\n\n\n<p>SILKIPTV olarak, Program ve\/veya \u00fcyelikler veya sat\u0131lan \u00fcr\u00fcnlerle ilgili olarak a\u00e7\u0131k veya \u00f6rt\u00fcl\u00fc hi\u00e7bir garanti vermiyoruz. Program\u0131n ve\/veya web sitemizin hatas\u0131z \u00e7al\u0131\u015faca\u011f\u0131na dair hi\u00e7bir iddiam\u0131z yoktur ve herhangi bir kesinti veya hatadan sorumlu olmayaca\u011f\u0131z.<\/p>\n\n\n\n<h2 class=\"wp-block-heading\" id=\"term-of-agreement\">Anla\u015fman\u0131n S\u00fcresi<\/h2>\n\n\n\n<p>Bu S\u00f6zle\u015fmenin s\u00fcresi, Programa kabul edilmenizle ba\u015flar ve Ortakl\u0131k hesab\u0131n\u0131z\u0131n sonland\u0131r\u0131lmas\u0131yla sona erer.<\/p>\n\n\n\n<p>Bu s\u00f6zle\u015fmenin \u015fart ve ko\u015fullar\u0131 taraf\u0131m\u0131zca herhangi bir zamanda de\u011fi\u015ftirilebilir. Bu S\u00f6zle\u015fmenin \u015fart ve ko\u015fullar\u0131nda yap\u0131lacak herhangi bir de\u011fi\u015fiklik sizin i\u00e7in kabul edilemez ise, tek se\u00e7ene\u011finiz Ortakl\u0131k hesab\u0131n\u0131z\u0131 sonland\u0131rmakt\u0131r. Programa kat\u0131l\u0131m\u0131n\u0131za devam etmeniz, yap\u0131lan herhangi bir de\u011fi\u015fikli\u011fi kabul etti\u011finiz anlam\u0131na gelecektir.<\/p>\n\n\n\n<h2 class=\"wp-block-heading\" id=\"indemnification\">Tazminat<\/h2>\n\n\n\n<p>\u0130\u015ftirak\u00e7i, SILKIPTV&#039;yi ve ba\u011fl\u0131 ve i\u015ftirak \u015firketlerini, yetkililerini, y\u00f6neticilerini, \u00e7al\u0131\u015fanlar\u0131n\u0131, lisans sahiplerini, haleflerini ve devralanlar\u0131n\u0131, SILKIPTV taraf\u0131ndan materyalleri iletmek ve da\u011f\u0131tmak i\u00e7in lisans verilen veya yetkilendirilenler de dahil olmak \u00fczere, \u0130\u015ftirak\u00e7inin ihmali, yanl\u0131\u015f beyan\u0131, bilgi gizlemesi veya kas\u0131tl\u0131 k\u00f6t\u00fc davran\u0131\u015f\u0131 nedeniyle bu S\u00f6zle\u015fme ile ba\u011flant\u0131l\u0131 olarak ortaya \u00e7\u0131kan veya bunlarla ilgili t\u00fcm iddialardan kaynaklanan her t\u00fcrl\u00fc y\u00fck\u00fcml\u00fcl\u00fck, zarar, para cezas\u0131, h\u00fck\u00fcm, talep, maliyet, kay\u0131p ve masraftan (makul avukatl\u0131k \u00fccretleri ve masraflar\u0131 dahil) tazmin edecek ve zarars\u0131z tutacakt\u0131r.<\/p>\n\n\n\n<h2 class=\"wp-block-heading\" id=\"electronic-signatures-effective\">Elektronik \u0130mzalar Etkin<\/h2>\n\n\n\n<p>Bu S\u00f6zle\u015fme, SILKIPTV ortakl\u0131k program\u0131na kat\u0131l\u0131m\u0131n\u0131z\u0131n yasal olarak ba\u011flay\u0131c\u0131 \u015fartlar\u0131n\u0131 belirleyen elektronik bir s\u00f6zle\u015fmedir. SILKIPTV ba\u015fvuru s\u00fcrecini tamamlayarak bu S\u00f6zle\u015fmeyi ve bu S\u00f6zle\u015fmede yer alan veya at\u0131fta bulunulan t\u00fcm \u015fart ve ko\u015fullar\u0131 kabul etti\u011finizi belirtmi\u015f olursunuz. Bu i\u015flem, el yaz\u0131s\u0131 imzayla ayn\u0131 yasal g\u00fcce ve etkiye sahip elektronik bir imza olu\u015fturur.<\/p>","protected":false},"excerpt":{"rendered":"<p>Affiliate Terms of Use As an authorized affiliate (Affiliate) of SILKIPTV, you agree to abide by the terms and conditions [&hellip;]<\/p>","protected":false},"author":1,"featured_media":0,"parent":0,"menu_order":0,"comment_status":"closed","ping_status":"closed","template":"","meta":{"site-sidebar-layout":"default","site-content-layout":"","ast-site-content-layout":"default","site-content-style":"default","site-sidebar-style":"default","ast-global-header-display":"","ast-banner-title-visibility":"","ast-main-header-display":"","ast-hfb-above-header-display":"","ast-hfb-below-header-display":"","ast-hfb-mobile-header-display":"","site-post-title":"","ast-breadcrumbs-content":"","ast-featured-img":"","footer-sml-layout":"","ast-disable-related-posts":"","theme-transparent-header-meta":"","adv-header-id-meta":"","stick-header-meta":"","header-above-stick-meta":"","header-main-stick-meta":"","header-below-stick-meta":"","astra-migrate-meta-layouts":"default","ast-page-background-enabled":"default","ast-page-background-meta":{"desktop":{"background-color":"var(--ast-global-color-4)","background-image":"","background-repeat":"repeat","background-position":"center center","background-size":"auto","background-attachment":"scroll","background-type":"","background-media":"","overlay-type":"","overlay-color":"","overlay-opacity":"","overlay-gradient":""},"tablet":{"background-color":"","background-image":"","background-repeat":"repeat","background-position":"center center","background-size":"auto","background-attachment":"scroll","background-type":"","background-media":"","overlay-type":"","overlay-color":"","overlay-opacity":"","overlay-gradient":""},"mobile":{"background-color":"","background-image":"","background-repeat":"repeat","background-position":"center center","background-size":"auto","background-attachment":"scroll","background-type":"","background-media":"","overlay-type":"","overlay-color":"","overlay-opacity":"","overlay-gradient":""}},"ast-content-background-meta":{"desktop":{"background-color":"var(--ast-global-color-5)","background-image":"","background-repeat":"repeat","background-position":"center center","background-size":"auto","background-attachment":"scroll","background-type":"","background-media":"","overlay-type":"","overlay-color":"","overlay-opacity":"","overlay-gradient":""},"tablet":{"background-color":"var(--ast-global-color-5)","background-image":"","background-repeat":"repeat","background-position":"center center","background-size":"auto","background-attachment":"scroll","background-type":"","background-media":"","overlay-type":"","overlay-color":"","overlay-opacity":"","overlay-gradient":""},"mobile":{"background-color":"var(--ast-global-color-5)","background-image":"","background-repeat":"repeat","background-position":"center center","background-size":"auto","background-attachment":"scroll","background-type":"","background-media":"","overlay-type":"","overlay-color":"","overlay-opacity":"","overlay-gradient":""}},"footnotes":""},"class_list":["post-3069","page","type-page","status-publish","hentry"],"_links":{"self":[{"href":"https:\/\/silkiptv.com\/tr\/wp-json\/wp\/v2\/pages\/3069","targetHints":{"allow":["GET"]}}],"collection":[{"href":"https:\/\/silkiptv.com\/tr\/wp-json\/wp\/v2\/pages"}],"about":[{"href":"https:\/\/silkiptv.com\/tr\/wp-json\/wp\/v2\/types\/page"}],"author":[{"embeddable":true,"href":"https:\/\/silkiptv.com\/tr\/wp-json\/wp\/v2\/users\/1"}],"replies":[{"embeddable":true,"href":"https:\/\/silkiptv.com\/tr\/wp-json\/wp\/v2\/comments?post=3069"}],"version-history":[{"count":2,"href":"https:\/\/silkiptv.com\/tr\/wp-json\/wp\/v2\/pages\/3069\/revisions"}],"predecessor-version":[{"id":3073,"href":"https:\/\/silkiptv.com\/tr\/wp-json\/wp\/v2\/pages\/3069\/revisions\/3073"}],"wp:attachment":[{"href":"https:\/\/silkiptv.com\/tr\/wp-json\/wp\/v2\/media?parent=3069"}],"curies":[{"name":"wp","href":"https:\/\/api.w.org\/{rel}","templated":true}]}}