{"id":3069,"date":"2025-09-17T11:39:19","date_gmt":"2025-09-17T11:39:19","guid":{"rendered":"https:\/\/silkiptv.com\/?page_id=3069"},"modified":"2025-09-17T11:42:04","modified_gmt":"2025-09-17T11:42:04","slug":"anvandarvillkor-for-affiliate-foretag","status":"publish","type":"page","link":"https:\/\/silkiptv.com\/sv\/anvandarvillkor-for-affiliate-foretag\/","title":{"rendered":"Anv\u00e4ndarvillkor f\u00f6r affiliate-f\u00f6retag"},"content":{"rendered":"<h2 class=\"wp-block-heading\">Anv\u00e4ndarvillkor f\u00f6r affiliate-f\u00f6retag<\/h2>\n\n\n\n<p>Som auktoriserad partner (Affiliate) till SILKIPTV samtycker du till att f\u00f6lja villkoren i detta avtal (Avtalet). L\u00e4s hela avtalet noggrant innan du registrerar och marknadsf\u00f6r SILKIPTV som partner.<\/p>\n\n\n\n<p>Ditt deltagande i programmet syftar enbart till att lagligt marknadsf\u00f6ra v\u00e5r webbplats f\u00f6r att f\u00e5 provision p\u00e5 medlemskap och produkter som k\u00f6pts av individer som h\u00e4nvisats till SILKIPTV via din egen webbplats eller personliga h\u00e4nvisningar.<\/p>\n\n\n\n<p>Genom att registrera dig f\u00f6r SILKIPTVs partnerprogram (Programmet) godk\u00e4nner du detta avtal och dess villkor.<\/p>\n\n\n\n<h2 class=\"wp-block-heading\" id=\"approval-or-rejection\">Godk\u00e4nnande eller avslag av ans\u00f6kan<\/h2>\n\n\n\n<p>Vi f\u00f6rbeh\u00e5ller oss r\u00e4tten att godk\u00e4nna eller avvisa ALLA ans\u00f6kningar om affiliateprogram efter eget gottfinnande. Du har ingen r\u00e4ttslig pr\u00f6vning mot oss f\u00f6r avslag p\u00e5 din ans\u00f6kan om affiliateprogram.<\/p>\n\n\n\n<h2 class=\"wp-block-heading\" id=\"commissions\">Uppdrag<\/h2>\n\n\n\n<p>Provisioner betalas ut en g\u00e5ng i m\u00e5naden. F\u00f6r att en affiliate ska f\u00e5 provision m\u00e5ste det refererade kontot vara aktivt i minst 31 dagar.<\/p>\n\n\n\n<p>Du kan inte h\u00e4nvisa dig sj\u00e4lv, och du kommer inte att f\u00e5 provision p\u00e5 dina egna konton.<\/p>\n\n\n\n<p>Betalningar skickas endast f\u00f6r transaktioner som har slutf\u00f6rts. Transaktioner som resulterar i \u00e5terkrav eller \u00e5terbetalningar betalas inte ut.<\/p>\n\n\n\n<h2 class=\"wp-block-heading\" id=\"termination\">Upps\u00e4gning<\/h2>\n\n\n\n<p>Din affiliate-ans\u00f6kan och status i programmet kan komma att st\u00e4ngas av eller s\u00e4gas upp av n\u00e5gon av f\u00f6ljande anledningar:<\/p>\n\n\n\n<ul class=\"wp-block-list\">\n<li>Ol\u00e4mpliga annonser (falska p\u00e5st\u00e5enden, vilseledande hyperl\u00e4nkar etc.).<\/li>\n\n\n\n<li>Spamming (massutskick av e-post, massutskick av nyhetsgrupper etc.).<\/li>\n\n\n\n<li>Reklam p\u00e5 webbplatser som inneh\u00e5ller eller marknadsf\u00f6r olagliga aktiviteter.<\/li>\n\n\n\n<li>Underl\u00e5tenhet att uppge affiliate-relationen f\u00f6r n\u00e5gon kampanj som kvalificerar som ett st\u00f6d enligt g\u00e4llande riktlinjer och f\u00f6rordningar fr\u00e5n Federal Trade Commission, eller till\u00e4mpliga delstatslagar.<\/li>\n\n\n\n<li>Brott mot immateriella r\u00e4ttigheter. SILKIPTV f\u00f6rbeh\u00e5ller sig r\u00e4tten att kr\u00e4va licensavtal fr\u00e5n de som anv\u00e4nder varum\u00e4rken som tillh\u00f6r SILKIPTV i syfte att skydda v\u00e5ra immateriella r\u00e4ttigheter.<\/li>\n\n\n\n<li>Att erbjuda rabatter, kuponger eller andra former av utlovade provisioner fr\u00e5n din affiliate-provision som ett incitament. Att l\u00e4gga till bonusar eller kombinera andra produkter med SILKIPTV \u00e4r dock acceptabelt.<\/li>\n\n\n\n<li>Sj\u00e4lvrekommendationer, bedr\u00e4gliga transaktioner, misst\u00e4nkt affiliatebedr\u00e4geri.<\/li>\n<\/ul>\n\n\n\n<p>Ut\u00f6ver det f\u00f6reg\u00e5ende f\u00f6rbeh\u00e5ller sig SILKIPTV r\u00e4tten att n\u00e4r som helst avsluta alla affiliate-konton, vid brott mot detta avtal eller utan anledning.<\/p>\n\n\n\n<h2 class=\"wp-block-heading\" id=\"affiliate-links\">Affiliate-l\u00e4nkar<\/h2>\n\n\n\n<p>Du f\u00e5r anv\u00e4nda grafiska l\u00e4nkar och textl\u00e4nkar b\u00e5de p\u00e5 din webbplats och i dina e-postmeddelanden. Du f\u00e5r ocks\u00e5 annonsera SILKIPTV-webbplatsen i annonser, tidskrifter och tidningar online och offline.<\/p>\n\n\n\n<p>Du f\u00e5r anv\u00e4nda grafik och text som vi tillhandah\u00e5ller, eller skapa dina egna s\u00e5 l\u00e4nge de anses l\u00e4mpliga enligt villkoren och inte bryter mot de villkor som anges i avsnittet Upps\u00e4gning.<\/p>\n\n\n\n<h2 class=\"wp-block-heading\" id=\"coupon-and-deal-sites\">Kupong- och erbjudandesajter<\/h2>\n\n\n\n<p>SILKIPTV erbjuder ibland kuponger till utvalda affiliates och till v\u00e5ra nyhetsbrevsprenumeranter. Om du inte \u00e4r f\u00f6rhandsgodk\u00e4nd\/tilldelad en varum\u00e4rkeskupong f\u00e5r du inte marknadsf\u00f6ra kupongen. Nedan f\u00f6ljer de villkor som g\u00e4ller f\u00f6r alla affiliates som \u00f6verv\u00e4ger att marknadsf\u00f6ra v\u00e5ra produkter i samband med ett erbjudande eller en kupong:<\/p>\n\n\n\n<ul class=\"wp-block-list\">\n<li>Affiliates f\u00e5r inte anv\u00e4nda vilseledande text p\u00e5 affiliate-l\u00e4nkar, knappar eller bilder f\u00f6r att antyda att n\u00e5got ut\u00f6ver det som f\u00f6r n\u00e4rvarande \u00e4r auktoriserat s\u00e4ljer till den specifika affiliaten.<\/li>\n\n\n\n<li>Affiliates f\u00e5r inte bjuda p\u00e5 SILKIPTV-kuponger, SILKIPTV-rabatter eller andra fraser som antyder att kuponger \u00e4r tillg\u00e4ngliga.<\/li>\n\n\n\n<li>Affiliates f\u00e5r inte generera popup-f\u00f6nster, popunder-f\u00f6nster, iframes, frames eller andra synliga eller osynliga \u00e5tg\u00e4rder som s\u00e4tter affiliate-cookies, s\u00e5vida inte anv\u00e4ndaren har uttryckt ett tydligt och uttryckligt intresse av att aktivera en specifik rabatt genom att klicka p\u00e5 en tydligt markerad l\u00e4nk, knapp eller bild f\u00f6r den specifika kupongen eller erbjudandet. Din l\u00e4nk m\u00e5ste leda bes\u00f6karen till handlarens webbplats.<\/li>\n\n\n\n<li>Anv\u00e4ndaren m\u00e5ste kunna se information och detaljer om kuponger\/erbjudanden\/besparingar innan en affiliate-cookie placeras (dvs. &quot;klicka h\u00e4r f\u00f6r att se kuponger och \u00f6ppna ett f\u00f6nster till handlarens webbplats&quot; \u00e4r INTE till\u00e5tet).<\/li>\n\n\n\n<li>Affiliatesidor f\u00e5r inte ha &quot;Klicka f\u00f6r (eller f\u00f6r att se) erbjudande\/kupong&quot; eller n\u00e5gon variant, n\u00e4r det inte finns n\u00e5gra kuponger eller erbjudanden tillg\u00e4ngliga, och klicket \u00f6ppnar handlarens webbplats eller skapar en cookie. Affiliates med s\u00e5dan text p\u00e5 handlarens landningssida kommer att tas bort fr\u00e5n programmet omedelbart.<\/li>\n<\/ul>\n\n\n\n<h2 class=\"wp-block-heading\" id=\"ppc-policy\">Betala per klick (PPC)-policy<\/h2>\n\n\n\n<p>PPC-budgivning \u00e4r INTE till\u00e5tet utan f\u00f6reg\u00e5ende skriftligt tillst\u00e5nd.<\/p>\n\n\n\n<h2 class=\"wp-block-heading\" id=\"liability\">Ansvar<\/h2>\n\n\n\n<p>SILKIPTV ansvarar inte f\u00f6r indirekta eller oavsiktliga skador (f\u00f6rlust av int\u00e4kter, provisioner) p\u00e5 grund av fel i affiliate-sp\u00e5rning, f\u00f6rlust av databasfiler eller n\u00e5gra resultat av avsikt att skada Programmet och\/eller v\u00e5r(a) webbplats(er).<\/p>\n\n\n\n<p>Vi l\u00e4mnar inga uttryckliga eller underf\u00f6rst\u00e5dda garantier avseende Programmet och\/eller medlemskap eller produkter som s\u00e4ljs av SILKIPTV. Vi g\u00f6r inga anspr\u00e5k p\u00e5 att Programmets och\/eller v\u00e5r(a) webbplats(er) kommer att vara felfria och vi ansvarar inte f\u00f6r eventuella avbrott eller fel.<\/p>\n\n\n\n<h2 class=\"wp-block-heading\" id=\"term-of-agreement\">Avtalets l\u00f6ptid<\/h2>\n\n\n\n<p>Detta avtal b\u00f6rjar g\u00e4lla n\u00e4r du accepterar programmet och upph\u00f6r n\u00e4r ditt affiliate-konto s\u00e4gs upp.<\/p>\n\n\n\n<p>Villkoren i detta avtal kan \u00e4ndras av oss n\u00e4r som helst. Om n\u00e5gon \u00e4ndring av villkoren i detta avtal \u00e4r oacceptabel f\u00f6r dig, \u00e4r ditt enda alternativ att s\u00e4ga upp ditt affiliate-konto. Ditt fortsatta deltagande i programmet inneb\u00e4r att du accepterar eventuella \u00e4ndringar.<\/p>\n\n\n\n<h2 class=\"wp-block-heading\" id=\"indemnification\">Skadeers\u00e4ttning<\/h2>\n\n\n\n<p>Affiliaten ska h\u00e5lla SILKIPTV och dess affiliate- och dotterbolag, tj\u00e4nstem\u00e4n, styrelseledam\u00f6ter, anst\u00e4llda, licenstagare, eftertr\u00e4dare och \u00f6vertagare, inklusive de som \u00e4r licensierade eller auktoriserade av SILKIPTV att \u00f6verf\u00f6ra och distribuera material, skadesl\u00f6sa fr\u00e5n allt ansvar, skador, b\u00f6ter, domar, anspr\u00e5k, kostnader, f\u00f6rluster och utgifter (inklusive rimliga juridiska avgifter och kostnader) som uppst\u00e5r p\u00e5 grund av eller i samband med alla anspr\u00e5k som g\u00f6rs i samband med detta Avtal p\u00e5 grund av Affiliatens v\u00e5rdsl\u00f6shet, felaktiga framst\u00e4llningar, underl\u00e5tenhet att uppge eller avsiktligt felaktigt upptr\u00e4dande.<\/p>\n\n\n\n<h2 class=\"wp-block-heading\" id=\"electronic-signatures-effective\">Elektroniska signaturer effektiva<\/h2>\n\n\n\n<p>Avtalet \u00e4r ett elektroniskt kontrakt som anger de r\u00e4ttsligt bindande villkoren f\u00f6r ditt deltagande i SILKIPTV:s affiliateprogram. Du godk\u00e4nner detta avtal och alla villkor som finns eller h\u00e4nvisas till i detta avtal genom att slutf\u00f6ra SILKIPTV:s ans\u00f6kningsprocess. Denna \u00e5tg\u00e4rd skapar en elektronisk signatur som har samma r\u00e4ttsliga kraft och verkan som en handskriven signatur.<\/p>","protected":false},"excerpt":{"rendered":"<p>Affiliate Terms of Use As an authorized affiliate (Affiliate) of SILKIPTV, you agree to abide by the terms and conditions [&hellip;]<\/p>","protected":false},"author":1,"featured_media":0,"parent":0,"menu_order":0,"comment_status":"closed","ping_status":"closed","template":"","meta":{"site-sidebar-layout":"default","site-content-layout":"","ast-site-content-layout":"default","site-content-style":"default","site-sidebar-style":"default","ast-global-header-display":"","ast-banner-title-visibility":"","ast-main-header-display":"","ast-hfb-above-header-display":"","ast-hfb-below-header-display":"","ast-hfb-mobile-header-display":"","site-post-title":"","ast-breadcrumbs-content":"","ast-featured-img":"","footer-sml-layout":"","ast-disable-related-posts":"","theme-transparent-header-meta":"","adv-header-id-meta":"","stick-header-meta":"","header-above-stick-meta":"","header-main-stick-meta":"","header-below-stick-meta":"","astra-migrate-meta-layouts":"default","ast-page-background-enabled":"default","ast-page-background-meta":{"desktop":{"background-color":"var(--ast-global-color-4)","background-image":"","background-repeat":"repeat","background-position":"center center","background-size":"auto","background-attachment":"scroll","background-type":"","background-media":"","overlay-type":"","overlay-color":"","overlay-opacity":"","overlay-gradient":""},"tablet":{"background-color":"","background-image":"","background-repeat":"repeat","background-position":"center center","background-size":"auto","background-attachment":"scroll","background-type":"","background-media":"","overlay-type":"","overlay-color":"","overlay-opacity":"","overlay-gradient":""},"mobile":{"background-color":"","background-image":"","background-repeat":"repeat","background-position":"center center","background-size":"auto","background-attachment":"scroll","background-type":"","background-media":"","overlay-type":"","overlay-color":"","overlay-opacity":"","overlay-gradient":""}},"ast-content-background-meta":{"desktop":{"background-color":"var(--ast-global-color-5)","background-image":"","background-repeat":"repeat","background-position":"center center","background-size":"auto","background-attachment":"scroll","background-type":"","background-media":"","overlay-type":"","overlay-color":"","overlay-opacity":"","overlay-gradient":""},"tablet":{"background-color":"var(--ast-global-color-5)","background-image":"","background-repeat":"repeat","background-position":"center center","background-size":"auto","background-attachment":"scroll","background-type":"","background-media":"","overlay-type":"","overlay-color":"","overlay-opacity":"","overlay-gradient":""},"mobile":{"background-color":"var(--ast-global-color-5)","background-image":"","background-repeat":"repeat","background-position":"center center","background-size":"auto","background-attachment":"scroll","background-type":"","background-media":"","overlay-type":"","overlay-color":"","overlay-opacity":"","overlay-gradient":""}},"footnotes":""},"class_list":["post-3069","page","type-page","status-publish","hentry"],"_links":{"self":[{"href":"https:\/\/silkiptv.com\/sv\/wp-json\/wp\/v2\/pages\/3069","targetHints":{"allow":["GET"]}}],"collection":[{"href":"https:\/\/silkiptv.com\/sv\/wp-json\/wp\/v2\/pages"}],"about":[{"href":"https:\/\/silkiptv.com\/sv\/wp-json\/wp\/v2\/types\/page"}],"author":[{"embeddable":true,"href":"https:\/\/silkiptv.com\/sv\/wp-json\/wp\/v2\/users\/1"}],"replies":[{"embeddable":true,"href":"https:\/\/silkiptv.com\/sv\/wp-json\/wp\/v2\/comments?post=3069"}],"version-history":[{"count":2,"href":"https:\/\/silkiptv.com\/sv\/wp-json\/wp\/v2\/pages\/3069\/revisions"}],"predecessor-version":[{"id":3073,"href":"https:\/\/silkiptv.com\/sv\/wp-json\/wp\/v2\/pages\/3069\/revisions\/3073"}],"wp:attachment":[{"href":"https:\/\/silkiptv.com\/sv\/wp-json\/wp\/v2\/media?parent=3069"}],"curies":[{"name":"wp","href":"https:\/\/api.w.org\/{rel}","templated":true}]}}