{"id":568,"date":"2024-06-19T10:43:23","date_gmt":"2024-06-19T10:43:23","guid":{"rendered":"https:\/\/silkiptv.com\/?page_id=568"},"modified":"2024-10-07T09:00:10","modified_gmt":"2024-10-07T09:00:10","slug":"sobre-nos","status":"publish","type":"page","link":"https:\/\/silkiptv.com\/pt\/sobre-nos\/","title":{"rendered":"Sobre n\u00f3s"},"content":{"rendered":"<div data-elementor-type=\"wp-page\" data-elementor-id=\"568\" class=\"elementor elementor-568\">\n\t\t\t\t<div class=\"elementor-element elementor-element-1ef2931 e-flex e-con-boxed e-con e-parent\" data-id=\"1ef2931\" data-element_type=\"container\" data-e-type=\"container\" data-settings=\"{&quot;background_background&quot;:&quot;classic&quot;}\">\n\t\t\t\t\t<div class=\"e-con-inner\">\n\t\t\t\t<div class=\"elementor-element elementor-element-76b0462 elementor-widget elementor-widget-heading\" data-id=\"76b0462\" data-element_type=\"widget\" data-e-type=\"widget\" data-widget_type=\"heading.default\">\n\t\t\t\t<div class=\"elementor-widget-container\">\n\t\t\t\t\t<h1 class=\"elementor-heading-title elementor-size-default\">Descubra quem somos.<\/h1>\t\t\t\t<\/div>\n\t\t\t\t<\/div>\n\t\t\t\t<div class=\"elementor-element elementor-element-a827696 elementor-widget elementor-widget-text-editor\" data-id=\"a827696\" data-element_type=\"widget\" data-e-type=\"widget\" data-widget_type=\"text-editor.default\">\n\t\t\t\t<div class=\"elementor-widget-container\">\n\t\t\t\t\t\t\t\t\t<p>Agradecemos o seu interesse na nossa empresa! Na SILKIPTV, oferecemos servi\u00e7os de streaming IPTV de alta qualidade, dispon\u00edveis em todo o mundo, com ativa\u00e7\u00e3o instant\u00e2nea e instala\u00e7\u00e3o gratuita. Nossa equipe t\u00e9cnica dedicada garante a melhor experi\u00eancia de streaming para voc\u00ea.<\/p><p>Com anos de experi\u00eancia, nos tornamos um dos principais provedores de IPTV. Voc\u00ea pode desfrutar de nossos servi\u00e7os em diversos dispositivos, incluindo Smart TVs, laptops, tablets, smartphones e muito mais.<\/p><p>Como revendedor de IPTV, voc\u00ea pode ganhar milhares de d\u00f3lares trabalhando em casa. Oferecemos os pre\u00e7os de IPTV mais acess\u00edveis tanto para usu\u00e1rios quanto para revendedores, tornando este o momento ideal para se juntar \u00e0 crescente comunidade de IPTV.<\/p>\t\t\t\t\t\t\t\t<\/div>\n\t\t\t\t<\/div>\n\t\t\t\t\t<\/div>\n\t\t\t\t<\/div>\n\t\t\t\t<\/div>","protected":false},"excerpt":{"rendered":"<p>Discover Who We Are Thank you for your interest in our company! At SILKIPTV, we offer top-notch IPTV streaming services [&hellip;]<\/p>","protected":false},"author":1,"featured_media":0,"parent":0,"menu_order":0,"comment_status":"closed","ping_status":"closed","template":"","meta":{"site-sidebar-layout":"no-sidebar","site-content-layout":"","ast-site-content-layout":"full-width-container","site-content-style":"default","site-sidebar-style":"default","ast-global-header-display":"","ast-banner-title-visibility":"","ast-main-header-display":"","ast-hfb-above-header-display":"","ast-hfb-below-header-display":"","ast-hfb-mobile-header-display":"","site-post-title":"disabled","ast-breadcrumbs-content":"","ast-featured-img":"disabled","footer-sml-layout":"","ast-disable-related-posts":"","theme-transparent-header-meta":"","adv-header-id-meta":"","stick-header-meta":"","header-above-stick-meta":"","header-main-stick-meta":"","header-below-stick-meta":"","astra-migrate-meta-layouts":"default","ast-page-background-enabled":"default","ast-page-background-meta":{"desktop":{"background-color":"var(--ast-global-color-4)","background-image":"","background-repeat":"repeat","background-position":"center center","background-size":"auto","background-attachment":"scroll","background-type":"","background-media":"","overlay-type":"","overlay-color":"","overlay-opacity":"","overlay-gradient":""},"tablet":{"background-color":"","background-image":"","background-repeat":"repeat","background-position":"center center","background-size":"auto","background-attachment":"scroll","background-type":"","background-media":"","overlay-type":"","overlay-color":"","overlay-opacity":"","overlay-gradient":""},"mobile":{"background-color":"","background-image":"","background-repeat":"repeat","background-position":"center center","background-size":"auto","background-attachment":"scroll","background-type":"","background-media":"","overlay-type":"","overlay-color":"","overlay-opacity":"","overlay-gradient":""}},"ast-content-background-meta":{"desktop":{"background-color":"var(--ast-global-color-5)","background-image":"","background-repeat":"repeat","background-position":"center center","background-size":"auto","background-attachment":"scroll","background-type":"","background-media":"","overlay-type":"","overlay-color":"","overlay-opacity":"","overlay-gradient":""},"tablet":{"background-color":"var(--ast-global-color-5)","background-image":"","background-repeat":"repeat","background-position":"center center","background-size":"auto","background-attachment":"scroll","background-type":"","background-media":"","overlay-type":"","overlay-color":"","overlay-opacity":"","overlay-gradient":""},"mobile":{"background-color":"var(--ast-global-color-5)","background-image":"","background-repeat":"repeat","background-position":"center center","background-size":"auto","background-attachment":"scroll","background-type":"","background-media":"","overlay-type":"","overlay-color":"","overlay-opacity":"","overlay-gradient":""}},"footnotes":""},"class_list":["post-568","page","type-page","status-publish","hentry"],"_links":{"self":[{"href":"https:\/\/silkiptv.com\/pt\/wp-json\/wp\/v2\/pages\/568","targetHints":{"allow":["GET"]}}],"collection":[{"href":"https:\/\/silkiptv.com\/pt\/wp-json\/wp\/v2\/pages"}],"about":[{"href":"https:\/\/silkiptv.com\/pt\/wp-json\/wp\/v2\/types\/page"}],"author":[{"embeddable":true,"href":"https:\/\/silkiptv.com\/pt\/wp-json\/wp\/v2\/users\/1"}],"replies":[{"embeddable":true,"href":"https:\/\/silkiptv.com\/pt\/wp-json\/wp\/v2\/comments?post=568"}],"version-history":[{"count":22,"href":"https:\/\/silkiptv.com\/pt\/wp-json\/wp\/v2\/pages\/568\/revisions"}],"predecessor-version":[{"id":2101,"href":"https:\/\/silkiptv.com\/pt\/wp-json\/wp\/v2\/pages\/568\/revisions\/2101"}],"wp:attachment":[{"href":"https:\/\/silkiptv.com\/pt\/wp-json\/wp\/v2\/media?parent=568"}],"curies":[{"name":"wp","href":"https:\/\/api.w.org\/{rel}","templated":true}]}}