{"id":3069,"date":"2025-09-17T11:39:19","date_gmt":"2025-09-17T11:39:19","guid":{"rendered":"https:\/\/silkiptv.com\/?page_id=3069"},"modified":"2025-09-17T11:42:04","modified_gmt":"2025-09-17T11:42:04","slug":"termos-de-uso-do-programa-de-afiliados","status":"publish","type":"page","link":"https:\/\/silkiptv.com\/pt\/termos-de-uso-do-programa-de-afiliados\/","title":{"rendered":"Termos de Uso do Programa de Afiliados"},"content":{"rendered":"<h2 class=\"wp-block-heading\">Termos de Uso do Programa de Afiliados<\/h2>\n\n\n\n<p>Como afiliado autorizado (Afiliado) da SILKIPTV, voc\u00ea concorda em cumprir os termos e condi\u00e7\u00f5es contidos neste Contrato (Contrato). Leia atentamente todo o Contrato antes de se cadastrar e promover a SILKIPTV como Afiliado.<\/p>\n\n\n\n<p>Sua participa\u00e7\u00e3o no Programa tem como \u00fanico objetivo anunciar legalmente nosso site para receber uma comiss\u00e3o sobre assinaturas e produtos adquiridos por pessoas indicadas \u00e0 SILKIPTV por meio do seu pr\u00f3prio site ou por indica\u00e7\u00f5es pessoais.<\/p>\n\n\n\n<p>Ao se inscrever no Programa de Afiliados da SILKIPTV (Programa), voc\u00ea indica sua aceita\u00e7\u00e3o deste Contrato e de seus termos e condi\u00e7\u00f5es.<\/p>\n\n\n\n<h2 class=\"wp-block-heading\" id=\"approval-or-rejection\">Aprova\u00e7\u00e3o ou rejei\u00e7\u00e3o da solicita\u00e7\u00e3o<\/h2>\n\n\n\n<p>Reservamo-nos o direito de aprovar ou rejeitar QUALQUER inscri\u00e7\u00e3o no Programa de Afiliados a nosso exclusivo crit\u00e9rio. Voc\u00ea n\u00e3o ter\u00e1 direito a qualquer recurso legal contra n\u00f3s pela rejei\u00e7\u00e3o da sua inscri\u00e7\u00e3o no Programa de Afiliados.<\/p>\n\n\n\n<h2 class=\"wp-block-heading\" id=\"commissions\">Comiss\u00f5es<\/h2>\n\n\n\n<p>As comiss\u00f5es ser\u00e3o pagas mensalmente. Para que um afiliado receba uma comiss\u00e3o, a conta indicada deve permanecer ativa por no m\u00ednimo 31 dias.<\/p>\n\n\n\n<p>Voc\u00ea n\u00e3o pode se indicar como cliente e n\u00e3o receber\u00e1 comiss\u00e3o sobre suas pr\u00f3prias contas.<\/p>\n\n\n\n<p>Os pagamentos ser\u00e3o enviados apenas para transa\u00e7\u00f5es conclu\u00eddas com sucesso. Transa\u00e7\u00f5es que resultarem em estornos ou reembolsos n\u00e3o ser\u00e3o pagas.<\/p>\n\n\n\n<h2 class=\"wp-block-heading\" id=\"termination\">Rescis\u00e3o<\/h2>\n\n\n\n<p>Sua inscri\u00e7\u00e3o como afiliado e seu status no Programa podem ser suspensos ou cancelados por qualquer um dos seguintes motivos:<\/p>\n\n\n\n<ul class=\"wp-block-list\">\n<li>Publicidade inadequada (alega\u00e7\u00f5es falsas, hiperlinks enganosos, etc.).<\/li>\n\n\n\n<li>Spam (envio de e-mails em massa, postagens em massa em grupos de discuss\u00e3o, etc.).<\/li>\n\n\n\n<li>Publicidade em sites que contenham ou promovam atividades ilegais.<\/li>\n\n\n\n<li>A omiss\u00e3o da divulga\u00e7\u00e3o da rela\u00e7\u00e3o de afilia\u00e7\u00e3o em qualquer promo\u00e7\u00e3o que se qualifique como endosso de acordo com as diretrizes e regulamentos da Comiss\u00e3o Federal de Com\u00e9rcio (Federal Trade Commission) ou quaisquer leis estaduais aplic\u00e1veis.<\/li>\n\n\n\n<li>Viola\u00e7\u00e3o de direitos de propriedade intelectual. A SILKIPTV reserva-se o direito de exigir contratos de licenciamento daqueles que utilizam as marcas registradas da SILKIPTV, a fim de proteger nossos direitos de propriedade intelectual.<\/li>\n\n\n\n<li>Oferecer descontos, cupons ou outras formas de reembolso prometido da sua comiss\u00e3o de afiliado como incentivo. No entanto, adicionar b\u00f4nus ou agrupar outros produtos com o SILKIPTV \u00e9 aceit\u00e1vel.<\/li>\n\n\n\n<li>Autorefer\u00eancias, transa\u00e7\u00f5es fraudulentas, suspeita de fraude de afiliados.<\/li>\n<\/ul>\n\n\n\n<p>Al\u00e9m do exposto, a SILKIPTV reserva-se o direito de encerrar qualquer conta de Afiliado a qualquer momento, por qualquer viola\u00e7\u00e3o deste Contrato ou sem motivo algum.<\/p>\n\n\n\n<h2 class=\"wp-block-heading\" id=\"affiliate-links\">Links de afiliados<\/h2>\n\n\n\n<p>Voc\u00ea pode usar links gr\u00e1ficos e de texto tanto em seu site quanto em suas mensagens de e-mail. Voc\u00ea tamb\u00e9m pode anunciar o site SILKIPTV em classificados online e offline, revistas e jornais.<\/p>\n\n\n\n<p>Voc\u00ea pode usar os gr\u00e1ficos e textos fornecidos por n\u00f3s ou criar os seus pr\u00f3prios, desde que sejam considerados apropriados de acordo com as condi\u00e7\u00f5es e n\u00e3o violem o disposto na se\u00e7\u00e3o de Rescis\u00e3o.<\/p>\n\n\n\n<h2 class=\"wp-block-heading\" id=\"coupon-and-deal-sites\">Sites de cupons e ofertas<\/h2>\n\n\n\n<p>A SILKIPTV ocasionalmente oferece cupons a afiliados selecionados e aos assinantes de nossa newsletter. Se voc\u00ea n\u00e3o tiver sido pr\u00e9-aprovado\/n\u00e3o tiver recebido um cupom da marca, n\u00e3o poder\u00e1 promov\u00ea-lo. Abaixo est\u00e3o os termos que se aplicam a qualquer afiliado que esteja considerando a promo\u00e7\u00e3o de nossos produtos em rela\u00e7\u00e3o a uma oferta ou cupom:<\/p>\n\n\n\n<ul class=\"wp-block-list\">\n<li>Os afiliados n\u00e3o podem usar textos enganosos em links, bot\u00f5es ou imagens de afiliados para sugerir que se trata de algo al\u00e9m de ofertas atualmente autorizadas para o afiliado em quest\u00e3o.<\/li>\n\n\n\n<li>Os afiliados n\u00e3o podem licitar em cupons SILKIPTV, descontos SILKIPTV ou outras frases que impliquem a disponibilidade de cupons.<\/li>\n\n\n\n<li>Os afiliados n\u00e3o podem gerar pop-ups, pop-unders, iframes, frames ou quaisquer outras a\u00e7\u00f5es vis\u00edveis ou invis\u00edveis que definam cookies de afiliados, a menos que o usu\u00e1rio tenha expressado um interesse claro e expl\u00edcito em ativar um desconto espec\u00edfico clicando em um link, bot\u00e3o ou imagem claramente identificado para esse cupom ou oferta em particular. Seu link deve direcionar o visitante para o site do comerciante.<\/li>\n\n\n\n<li>O usu\u00e1rio deve poder visualizar as informa\u00e7\u00f5es e detalhes do cupom\/oferta\/desconto antes que um cookie de afiliado seja definido (ou seja, &quot;clique aqui para ver os cupons e abrir uma janela para o site do comerciante&quot; N\u00c3O \u00e9 permitido).<\/li>\n\n\n\n<li>Sites afiliados n\u00e3o podem exibir a mensagem \u201cClique para ver a oferta\/cupom\u201d ou qualquer varia\u00e7\u00e3o dela, quando n\u00e3o houver cupons ou ofertas dispon\u00edveis e o clique abrir o site do comerciante ou instalar um cookie. Afiliados com esse tipo de texto na p\u00e1gina de destino do comerciante ser\u00e3o removidos do programa imediatamente.<\/li>\n<\/ul>\n\n\n\n<h2 class=\"wp-block-heading\" id=\"ppc-policy\">Pol\u00edtica de pagamento por clique (PPC)<\/h2>\n\n\n\n<p>A licita\u00e7\u00e3o por PPC (pagamento por clique) N\u00c3O \u00e9 permitida sem autoriza\u00e7\u00e3o pr\u00e9via por escrito.<\/p>\n\n\n\n<h2 class=\"wp-block-heading\" id=\"liability\">Responsabilidade<\/h2>\n\n\n\n<p>A SILKIPTV n\u00e3o ser\u00e1 respons\u00e1vel por danos indiretos ou acidentais (perda de receita, comiss\u00f5es) devido a falhas no rastreamento de afiliados, perda de arquivos de banco de dados ou quaisquer resultados de inten\u00e7\u00f5es prejudiciais ao Programa e\/ou ao(s) nosso(s) website(s).<\/p>\n\n\n\n<p>N\u00e3o oferecemos quaisquer garantias expressas ou impl\u00edcitas com rela\u00e7\u00e3o ao Programa e\/ou \u00e0s assinaturas ou produtos vendidos pela SILKIPTV. N\u00e3o garantimos que o funcionamento do Programa e\/ou de nossos sites ser\u00e1 livre de erros e n\u00e3o nos responsabilizamos por quaisquer interrup\u00e7\u00f5es ou erros.<\/p>\n\n\n\n<h2 class=\"wp-block-heading\" id=\"term-of-agreement\">Dura\u00e7\u00e3o do Contrato<\/h2>\n\n\n\n<p>O presente Contrato entra em vigor a partir da sua aceita\u00e7\u00e3o no Programa e termina quando a sua conta de Afiliado for encerrada.<\/p>\n\n\n\n<p>Os termos e condi\u00e7\u00f5es deste contrato podem ser modificados por n\u00f3s a qualquer momento. Caso alguma modifica\u00e7\u00e3o nos termos e condi\u00e7\u00f5es deste contrato seja inaceit\u00e1vel para voc\u00ea, sua \u00fanica op\u00e7\u00e3o ser\u00e1 encerrar sua conta de Afiliado. Sua participa\u00e7\u00e3o cont\u00ednua no Programa constituir\u00e1 sua aceita\u00e7\u00e3o de qualquer altera\u00e7\u00e3o.<\/p>\n\n\n\n<h2 class=\"wp-block-heading\" id=\"indemnification\">Indeniza\u00e7\u00e3o<\/h2>\n\n\n\n<p>O Afiliado dever\u00e1 indenizar e isentar a SILKIPTV e suas empresas afiliadas e subsidi\u00e1rias, diretores, funcion\u00e1rios, licenciados, sucessores e cession\u00e1rios, incluindo aqueles licenciados ou autorizados pela SILKIPTV a transmitir e distribuir materiais, de toda e qualquer responsabilidade, dano, multa, senten\u00e7a, reclama\u00e7\u00e3o, custo, perda e despesa (incluindo honor\u00e1rios advocat\u00edcios e custas judiciais razo\u00e1veis) decorrentes ou relacionados a quaisquer reclama\u00e7\u00f5es apresentadas em conex\u00e3o com este Contrato devido \u00e0 neglig\u00eancia, declara\u00e7\u00e3o falsa, omiss\u00e3o de informa\u00e7\u00e3o ou conduta dolosa do Afiliado.<\/p>\n\n\n\n<h2 class=\"wp-block-heading\" id=\"electronic-signatures-effective\">Assinaturas eletr\u00f4nicas eficazes<\/h2>\n\n\n\n<p>O presente Contrato \u00e9 um contrato eletr\u00f4nico que estabelece os termos juridicamente vinculativos da sua participa\u00e7\u00e3o no programa de afiliados da SILKIPTV. Ao concluir o processo de inscri\u00e7\u00e3o na SILKIPTV, voc\u00ea indica sua aceita\u00e7\u00e3o deste Contrato e de todos os termos e condi\u00e7\u00f5es nele contidos ou a ele referenciados. Essa a\u00e7\u00e3o cria uma assinatura eletr\u00f4nica que tem a mesma for\u00e7a e efeito legal que uma assinatura manuscrita.<\/p>","protected":false},"excerpt":{"rendered":"<p>Affiliate Terms of Use As an authorized affiliate (Affiliate) of SILKIPTV, you agree to abide by the terms and conditions [&hellip;]<\/p>","protected":false},"author":1,"featured_media":0,"parent":0,"menu_order":0,"comment_status":"closed","ping_status":"closed","template":"","meta":{"site-sidebar-layout":"default","site-content-layout":"","ast-site-content-layout":"default","site-content-style":"default","site-sidebar-style":"default","ast-global-header-display":"","ast-banner-title-visibility":"","ast-main-header-display":"","ast-hfb-above-header-display":"","ast-hfb-below-header-display":"","ast-hfb-mobile-header-display":"","site-post-title":"","ast-breadcrumbs-content":"","ast-featured-img":"","footer-sml-layout":"","ast-disable-related-posts":"","theme-transparent-header-meta":"","adv-header-id-meta":"","stick-header-meta":"","header-above-stick-meta":"","header-main-stick-meta":"","header-below-stick-meta":"","astra-migrate-meta-layouts":"default","ast-page-background-enabled":"default","ast-page-background-meta":{"desktop":{"background-color":"var(--ast-global-color-4)","background-image":"","background-repeat":"repeat","background-position":"center center","background-size":"auto","background-attachment":"scroll","background-type":"","background-media":"","overlay-type":"","overlay-color":"","overlay-opacity":"","overlay-gradient":""},"tablet":{"background-color":"","background-image":"","background-repeat":"repeat","background-position":"center center","background-size":"auto","background-attachment":"scroll","background-type":"","background-media":"","overlay-type":"","overlay-color":"","overlay-opacity":"","overlay-gradient":""},"mobile":{"background-color":"","background-image":"","background-repeat":"repeat","background-position":"center center","background-size":"auto","background-attachment":"scroll","background-type":"","background-media":"","overlay-type":"","overlay-color":"","overlay-opacity":"","overlay-gradient":""}},"ast-content-background-meta":{"desktop":{"background-color":"var(--ast-global-color-5)","background-image":"","background-repeat":"repeat","background-position":"center center","background-size":"auto","background-attachment":"scroll","background-type":"","background-media":"","overlay-type":"","overlay-color":"","overlay-opacity":"","overlay-gradient":""},"tablet":{"background-color":"var(--ast-global-color-5)","background-image":"","background-repeat":"repeat","background-position":"center center","background-size":"auto","background-attachment":"scroll","background-type":"","background-media":"","overlay-type":"","overlay-color":"","overlay-opacity":"","overlay-gradient":""},"mobile":{"background-color":"var(--ast-global-color-5)","background-image":"","background-repeat":"repeat","background-position":"center center","background-size":"auto","background-attachment":"scroll","background-type":"","background-media":"","overlay-type":"","overlay-color":"","overlay-opacity":"","overlay-gradient":""}},"footnotes":""},"class_list":["post-3069","page","type-page","status-publish","hentry"],"_links":{"self":[{"href":"https:\/\/silkiptv.com\/pt\/wp-json\/wp\/v2\/pages\/3069","targetHints":{"allow":["GET"]}}],"collection":[{"href":"https:\/\/silkiptv.com\/pt\/wp-json\/wp\/v2\/pages"}],"about":[{"href":"https:\/\/silkiptv.com\/pt\/wp-json\/wp\/v2\/types\/page"}],"author":[{"embeddable":true,"href":"https:\/\/silkiptv.com\/pt\/wp-json\/wp\/v2\/users\/1"}],"replies":[{"embeddable":true,"href":"https:\/\/silkiptv.com\/pt\/wp-json\/wp\/v2\/comments?post=3069"}],"version-history":[{"count":2,"href":"https:\/\/silkiptv.com\/pt\/wp-json\/wp\/v2\/pages\/3069\/revisions"}],"predecessor-version":[{"id":3073,"href":"https:\/\/silkiptv.com\/pt\/wp-json\/wp\/v2\/pages\/3069\/revisions\/3073"}],"wp:attachment":[{"href":"https:\/\/silkiptv.com\/pt\/wp-json\/wp\/v2\/media?parent=3069"}],"curies":[{"name":"wp","href":"https:\/\/api.w.org\/{rel}","templated":true}]}}