{"id":3069,"date":"2025-09-17T11:39:19","date_gmt":"2025-09-17T11:39:19","guid":{"rendered":"https:\/\/silkiptv.com\/?page_id=3069"},"modified":"2025-09-17T11:42:04","modified_gmt":"2025-09-17T11:42:04","slug":"conditions-dutilisation-du-programme-daffiliation","status":"publish","type":"page","link":"https:\/\/silkiptv.com\/fr\/conditions-dutilisation-du-programme-daffiliation\/","title":{"rendered":"Conditions d&#039;utilisation du programme d&#039;affiliation"},"content":{"rendered":"<h2 class=\"wp-block-heading\">Conditions d&#039;utilisation du programme d&#039;affiliation<\/h2>\n\n\n\n<p>En tant que partenaire agr\u00e9\u00e9 (le \u00ab\u00a0Partenaire\u00a0\u00bb) de SILKIPTV, vous acceptez de respecter les conditions g\u00e9n\u00e9rales du pr\u00e9sent Contrat (le \u00ab\u00a0Contrat\u00a0\u00bb). Veuillez lire attentivement l\u2019int\u00e9gralit\u00e9 du Contrat avant de vous inscrire et de promouvoir SILKIPTV en tant qu\u2019Affili\u00e9.<\/p>\n\n\n\n<p>Votre participation au Programme a pour seul but de faire la publicit\u00e9 l\u00e9gale de notre site web afin de recevoir une commission sur les abonnements et les produits achet\u00e9s par les personnes qui vous ont recommand\u00e9 SILKIPTV via votre propre site web ou vos recommandations personnelles.<\/p>\n\n\n\n<p>En vous inscrivant au programme d&#039;affiliation SILKIPTV (le \u00ab Programme \u00bb), vous indiquez votre acceptation du pr\u00e9sent Contrat et de ses termes et conditions.<\/p>\n\n\n\n<h2 class=\"wp-block-heading\" id=\"approval-or-rejection\">Approbation ou rejet de la demande<\/h2>\n\n\n\n<p>Nous nous r\u00e9servons le droit d&#039;approuver ou de refuser toute demande d&#039;adh\u00e9sion \u00e0 notre programme d&#039;affiliation, \u00e0 notre enti\u00e8re discr\u00e9tion. En cas de refus de votre demande, vous ne pourrez exercer aucun recours l\u00e9gal \u00e0 notre encontre.<\/p>\n\n\n\n<h2 class=\"wp-block-heading\" id=\"commissions\">Commissions<\/h2>\n\n\n\n<p>Les commissions seront vers\u00e9es une fois par mois. Pour qu&#039;un affili\u00e9 re\u00e7oive une commission, le compte parrain\u00e9 doit rester actif pendant au moins 31 jours.<\/p>\n\n\n\n<p>Vous ne pouvez pas vous parrainer vous-m\u00eame et vous ne recevrez aucune commission sur vos propres comptes.<\/p>\n\n\n\n<p>Les paiements ne seront effectu\u00e9s que pour les transactions ayant abouti. Les transactions ayant donn\u00e9 lieu \u00e0 des r\u00e9trofacturations ou \u00e0 des remboursements ne seront pas pay\u00e9es.<\/p>\n\n\n\n<h2 class=\"wp-block-heading\" id=\"termination\">Terminaison<\/h2>\n\n\n\n<p>Votre demande d&#039;affiliation et votre statut au sein du Programme peuvent \u00eatre suspendus ou r\u00e9sili\u00e9s pour l&#039;une des raisons suivantes\u00a0:<\/p>\n\n\n\n<ul class=\"wp-block-list\">\n<li>Publicit\u00e9s inappropri\u00e9es (fausses all\u00e9gations, liens hypertextes trompeurs, etc.).<\/li>\n\n\n\n<li>Le spam (envoi massif de courriels, publication massive de messages dans les groupes de discussion, etc.).<\/li>\n\n\n\n<li>Publicit\u00e9 sur des sites contenant ou faisant la promotion d&#039;activit\u00e9s ill\u00e9gales.<\/li>\n\n\n\n<li>Le fait de ne pas divulguer la relation d&#039;affiliation pour toute promotion qui constitue une approbation en vertu des directives et r\u00e9glementations en vigueur de la Federal Trade Commission, ou de toute loi \u00e9tatique applicable.<\/li>\n\n\n\n<li>Violation des droits de propri\u00e9t\u00e9 intellectuelle. SILKIPTV se r\u00e9serve le droit d&#039;exiger des accords de licence de la part de ceux qui utilisent ses marques afin de prot\u00e9ger ses droits de propri\u00e9t\u00e9 intellectuelle.<\/li>\n\n\n\n<li>Offrir des remises, des coupons ou toute autre forme de ristourne promise sur votre commission d&#039;affiliation est une forme d&#039;incitation. En revanche, l&#039;ajout de bonus ou la vente group\u00e9e d&#039;autres produits avec SILKIPTV est acceptable.<\/li>\n\n\n\n<li>Auto-recommandations, transactions frauduleuses, suspicion de fraude d&#039;affiliation.<\/li>\n<\/ul>\n\n\n\n<p>En plus de ce qui pr\u00e9c\u00e8de, SILKIPTV se r\u00e9serve le droit de r\u00e9silier tout compte d&#039;affili\u00e9 \u00e0 tout moment, pour toute violation du pr\u00e9sent accord ou sans raison.<\/p>\n\n\n\n<h2 class=\"wp-block-heading\" id=\"affiliate-links\">Liens d&#039;affiliation<\/h2>\n\n\n\n<p>Vous pouvez utiliser des liens graphiques et textuels sur votre site web et dans vos courriels. Vous pouvez \u00e9galement faire la promotion du site SILKIPTV dans les petites annonces en ligne et hors ligne, ainsi que dans les magazines et les journaux.<\/p>\n\n\n\n<p>Vous pouvez utiliser les graphiques et les textes que nous fournissons, ou vous pouvez cr\u00e9er les v\u00f4tres, \u00e0 condition qu&#039;ils soient jug\u00e9s appropri\u00e9s conform\u00e9ment aux conditions et qu&#039;ils ne contreviennent pas aux dispositions de la section R\u00e9siliation.<\/p>\n\n\n\n<h2 class=\"wp-block-heading\" id=\"coupon-and-deal-sites\">Sites de coupons et de bons plans<\/h2>\n\n\n\n<p>SILKIPTV propose occasionnellement des coupons \u00e0 certains affili\u00e9s et \u00e0 ses abonn\u00e9s \u00e0 la newsletter. Si vous n&#039;avez pas re\u00e7u de coupon officiel, vous n&#039;\u00eates pas autoris\u00e9 \u00e0 le promouvoir. Vous trouverez ci-dessous les conditions applicables \u00e0 tout affili\u00e9 souhaitant promouvoir nos produits dans le cadre d&#039;une offre ou d&#039;un coupon\u00a0:<\/p>\n\n\n\n<ul class=\"wp-block-list\">\n<li>Les affili\u00e9s ne peuvent pas utiliser de texte trompeur sur les liens, boutons ou images d&#039;affiliation pour laisser entendre que des offres autres que celles actuellement autoris\u00e9es sont propos\u00e9es \u00e0 l&#039;affili\u00e9 concern\u00e9.<\/li>\n\n\n\n<li>Les affili\u00e9s ne sont pas autoris\u00e9s \u00e0 ench\u00e9rir sur les coupons SILKIPTV, les remises SILKIPTV ou toute autre formulation laissant entendre que des coupons sont disponibles.<\/li>\n\n\n\n<li>Les affili\u00e9s ne sont pas autoris\u00e9s \u00e0 g\u00e9n\u00e9rer de fen\u00eatres contextuelles (pop-ups, pop-unders, iframes, frames) ni aucune autre action, visible ou invisible, d\u00e9posant des cookies d&#039;affiliation, sauf si l&#039;utilisateur a manifest\u00e9 un int\u00e9r\u00eat clair et explicite pour l&#039;activation d&#039;une r\u00e9duction sp\u00e9cifique en cliquant sur un lien, un bouton ou une image clairement identifi\u00e9(e) pour ce coupon ou cette offre. Votre lien doit rediriger le visiteur vers le site du marchand.<\/li>\n\n\n\n<li>L&#039;utilisateur doit pouvoir consulter les informations et les d\u00e9tails des coupons\/offres\/\u00e9conomies avant qu&#039;un cookie d&#039;affiliation ne soit install\u00e9 (c&#039;est-\u00e0-dire que \u201c cliquez ici pour voir les coupons et ouvrir une fen\u00eatre vers le site du marchand \u201d n&#039;est PAS autoris\u00e9).<\/li>\n\n\n\n<li>Les sites affili\u00e9s ne doivent pas afficher la mention \u201c\u00a0Cliquez pour (ou voir) une offre\/un coupon\u00a0\u201d ou toute variante lorsque aucune offre ou coupon n&#039;est disponible et que le clic ouvre le site marchand ou installe un cookie. Les affili\u00e9s pr\u00e9sentant un tel texte sur la page d&#039;accueil du marchand seront imm\u00e9diatement exclus du programme.<\/li>\n<\/ul>\n\n\n\n<h2 class=\"wp-block-heading\" id=\"ppc-policy\">Politique de paiement au clic (PPC)<\/h2>\n\n\n\n<p>Les ench\u00e8res PPC ne sont PAS autoris\u00e9es sans autorisation \u00e9crite pr\u00e9alable.<\/p>\n\n\n\n<h2 class=\"wp-block-heading\" id=\"liability\">Responsabilit\u00e9<\/h2>\n\n\n\n<p>SILKIPTV ne sera pas responsable des dommages indirects ou accidentels (perte de revenus, de commissions) dus \u00e0 des d\u00e9faillances du suivi des affili\u00e9s, \u00e0 la perte de fichiers de base de donn\u00e9es ou \u00e0 toute tentative de nuire au Programme et\/ou \u00e0 nos sites Web.<\/p>\n\n\n\n<p>Nous n&#039;offrons aucune garantie, expresse ou implicite, concernant le Programme et\/ou les abonnements ou produits vendus par SILKIPTV. Nous ne garantissons pas le fonctionnement sans erreur du Programme et\/ou de notre\/nos site(s) web et nous d\u00e9clinons toute responsabilit\u00e9 en cas d&#039;interruptions ou d&#039;erreurs.<\/p>\n\n\n\n<h2 class=\"wp-block-heading\" id=\"term-of-agreement\">Dur\u00e9e de l&#039;accord<\/h2>\n\n\n\n<p>La dur\u00e9e du pr\u00e9sent accord commence d\u00e8s votre acceptation au sein du programme et prendra fin lorsque votre compte d&#039;affili\u00e9 sera r\u00e9sili\u00e9.<\/p>\n\n\n\n<p>Nous nous r\u00e9servons le droit de modifier les termes et conditions du pr\u00e9sent accord \u00e0 tout moment. Si une modification apport\u00e9e \u00e0 ces termes et conditions vous est inacceptable, vous pouvez r\u00e9silier votre compte d&#039;affili\u00e9. Votre participation continue au Programme vaudra acceptation de toute modification.<\/p>\n\n\n\n<h2 class=\"wp-block-heading\" id=\"indemnification\">Indemnit\u00e9<\/h2>\n\n\n\n<p>L\u2019Affili\u00e9 indemnisera et d\u00e9gagera de toute responsabilit\u00e9 SILKIPTV et ses soci\u00e9t\u00e9s affili\u00e9es et filiales, leurs dirigeants, administrateurs, employ\u00e9s, titulaires de licence, successeurs et ayants droit, y compris ceux autoris\u00e9s par SILKIPTV \u00e0 transmettre et distribuer des documents, de toute responsabilit\u00e9, dommage, amende, jugement, r\u00e9clamation, co\u00fbt, perte et d\u00e9pense (y compris les frais et honoraires d\u2019avocat raisonnables) d\u00e9coulant de ou li\u00e9s \u00e0 toute r\u00e9clamation subie dans le cadre du pr\u00e9sent Contrat en raison de la n\u00e9gligence, de la fausse d\u00e9claration, du d\u00e9faut de divulgation ou de la faute intentionnelle de l\u2019Affili\u00e9.<\/p>\n\n\n\n<h2 class=\"wp-block-heading\" id=\"electronic-signatures-effective\">Signatures \u00e9lectroniques effectives<\/h2>\n\n\n\n<p>Le pr\u00e9sent Contrat est un contrat \u00e9lectronique qui d\u00e9finit les conditions juridiquement contraignantes de votre participation au programme d&#039;affiliation SILKIPTV. En compl\u00e9tant le processus d&#039;inscription \u00e0 SILKIPTV, vous acceptez le pr\u00e9sent Contrat ainsi que l&#039;ensemble des conditions g\u00e9n\u00e9rales qui y sont \u00e9nonc\u00e9es ou auxquelles il fait r\u00e9f\u00e9rence. Cette action cr\u00e9e une signature \u00e9lectronique ayant la m\u00eame valeur juridique qu&#039;une signature manuscrite.<\/p>","protected":false},"excerpt":{"rendered":"<p>Affiliate Terms of Use As an authorized affiliate (Affiliate) of SILKIPTV, you agree to abide by the terms and conditions [&hellip;]<\/p>","protected":false},"author":1,"featured_media":0,"parent":0,"menu_order":0,"comment_status":"closed","ping_status":"closed","template":"","meta":{"site-sidebar-layout":"default","site-content-layout":"","ast-site-content-layout":"default","site-content-style":"default","site-sidebar-style":"default","ast-global-header-display":"","ast-banner-title-visibility":"","ast-main-header-display":"","ast-hfb-above-header-display":"","ast-hfb-below-header-display":"","ast-hfb-mobile-header-display":"","site-post-title":"","ast-breadcrumbs-content":"","ast-featured-img":"","footer-sml-layout":"","ast-disable-related-posts":"","theme-transparent-header-meta":"","adv-header-id-meta":"","stick-header-meta":"","header-above-stick-meta":"","header-main-stick-meta":"","header-below-stick-meta":"","astra-migrate-meta-layouts":"default","ast-page-background-enabled":"default","ast-page-background-meta":{"desktop":{"background-color":"var(--ast-global-color-4)","background-image":"","background-repeat":"repeat","background-position":"center center","background-size":"auto","background-attachment":"scroll","background-type":"","background-media":"","overlay-type":"","overlay-color":"","overlay-opacity":"","overlay-gradient":""},"tablet":{"background-color":"","background-image":"","background-repeat":"repeat","background-position":"center center","background-size":"auto","background-attachment":"scroll","background-type":"","background-media":"","overlay-type":"","overlay-color":"","overlay-opacity":"","overlay-gradient":""},"mobile":{"background-color":"","background-image":"","background-repeat":"repeat","background-position":"center center","background-size":"auto","background-attachment":"scroll","background-type":"","background-media":"","overlay-type":"","overlay-color":"","overlay-opacity":"","overlay-gradient":""}},"ast-content-background-meta":{"desktop":{"background-color":"var(--ast-global-color-5)","background-image":"","background-repeat":"repeat","background-position":"center center","background-size":"auto","background-attachment":"scroll","background-type":"","background-media":"","overlay-type":"","overlay-color":"","overlay-opacity":"","overlay-gradient":""},"tablet":{"background-color":"var(--ast-global-color-5)","background-image":"","background-repeat":"repeat","background-position":"center center","background-size":"auto","background-attachment":"scroll","background-type":"","background-media":"","overlay-type":"","overlay-color":"","overlay-opacity":"","overlay-gradient":""},"mobile":{"background-color":"var(--ast-global-color-5)","background-image":"","background-repeat":"repeat","background-position":"center center","background-size":"auto","background-attachment":"scroll","background-type":"","background-media":"","overlay-type":"","overlay-color":"","overlay-opacity":"","overlay-gradient":""}},"footnotes":""},"class_list":["post-3069","page","type-page","status-publish","hentry"],"_links":{"self":[{"href":"https:\/\/silkiptv.com\/fr\/wp-json\/wp\/v2\/pages\/3069","targetHints":{"allow":["GET"]}}],"collection":[{"href":"https:\/\/silkiptv.com\/fr\/wp-json\/wp\/v2\/pages"}],"about":[{"href":"https:\/\/silkiptv.com\/fr\/wp-json\/wp\/v2\/types\/page"}],"author":[{"embeddable":true,"href":"https:\/\/silkiptv.com\/fr\/wp-json\/wp\/v2\/users\/1"}],"replies":[{"embeddable":true,"href":"https:\/\/silkiptv.com\/fr\/wp-json\/wp\/v2\/comments?post=3069"}],"version-history":[{"count":2,"href":"https:\/\/silkiptv.com\/fr\/wp-json\/wp\/v2\/pages\/3069\/revisions"}],"predecessor-version":[{"id":3073,"href":"https:\/\/silkiptv.com\/fr\/wp-json\/wp\/v2\/pages\/3069\/revisions\/3073"}],"wp:attachment":[{"href":"https:\/\/silkiptv.com\/fr\/wp-json\/wp\/v2\/media?parent=3069"}],"curies":[{"name":"wp","href":"https:\/\/api.w.org\/{rel}","templated":true}]}}