{"id":3069,"date":"2025-09-17T11:39:19","date_gmt":"2025-09-17T11:39:19","guid":{"rendered":"https:\/\/silkiptv.com\/?page_id=3069"},"modified":"2025-09-17T11:42:04","modified_gmt":"2025-09-17T11:42:04","slug":"condiciones-de-uso-de-afiliados","status":"publish","type":"page","link":"https:\/\/silkiptv.com\/es\/condiciones-de-uso-de-afiliados\/","title":{"rendered":"Condiciones de uso para afiliados"},"content":{"rendered":"<h2 class=\"wp-block-heading\">Condiciones de uso para afiliados<\/h2>\n\n\n\n<p>Como afiliado autorizado (Afiliado) de SILKIPTV, usted acepta cumplir con los t\u00e9rminos y condiciones de este Acuerdo (Acuerdo). Lea atentamente todo el Acuerdo antes de registrarse y promocionar SILKIPTV como Afiliado.<\/p>\n\n\n\n<p>Su participaci\u00f3n en el Programa es \u00fanicamente para publicitar legalmente nuestro sitio web para recibir una comisi\u00f3n por las membres\u00edas y productos comprados por personas referidas a SILKIPTV por su propio sitio web o referencias personales.<\/p>\n\n\n\n<p>Al registrarse en el Programa de Afiliados de SILKIPTV (Programa), usted indica que acepta este Acuerdo y sus t\u00e9rminos y condiciones.<\/p>\n\n\n\n<h2 class=\"wp-block-heading\" id=\"approval-or-rejection\">Aprobaci\u00f3n o Rechazo de la Solicitud<\/h2>\n\n\n\n<p>Nos reservamos el derecho de aprobar o rechazar cualquier solicitud de afiliaci\u00f3n al Programa de Afiliados a nuestra entera y absoluta discreci\u00f3n. No tendr\u00e1 derecho a interponer ning\u00fan recurso legal contra nosotros por el rechazo de su solicitud.<\/p>\n\n\n\n<h2 class=\"wp-block-heading\" id=\"commissions\">Comisiones<\/h2>\n\n\n\n<p>Las comisiones se pagar\u00e1n mensualmente. Para que un afiliado reciba una comisi\u00f3n, la cuenta referida debe permanecer activa durante al menos 31 d\u00edas.<\/p>\n\n\n\n<p>No puedes referirte a ti mismo y no recibir\u00e1s una comisi\u00f3n por tus propias cuentas.<\/p>\n\n\n\n<p>Solo se enviar\u00e1n pagos por transacciones completadas correctamente. Las transacciones que resulten en devoluciones o reembolsos no se abonar\u00e1n.<\/p>\n\n\n\n<h2 class=\"wp-block-heading\" id=\"termination\">Terminaci\u00f3n<\/h2>\n\n\n\n<p>Su solicitud de afiliado y su estado en el Programa pueden suspenderse o cancelarse por cualquiera de los siguientes motivos:<\/p>\n\n\n\n<ul class=\"wp-block-list\">\n<li>Publicidad inapropiada (afirmaciones falsas, hiperv\u00ednculos enga\u00f1osos, etc.).<\/li>\n\n\n\n<li>Spam (env\u00edo masivo de correo electr\u00f3nico, publicaciones masivas en grupos de noticias, etc.).<\/li>\n\n\n\n<li>Publicidad en sitios que contengan o promuevan actividades ilegales.<\/li>\n\n\n\n<li>No revelar la relaci\u00f3n de afiliado para cualquier promoci\u00f3n que califique como un respaldo seg\u00fan las pautas y regulaciones existentes de la Comisi\u00f3n Federal de Comercio o cualquier ley estatal aplicable.<\/li>\n\n\n\n<li>Violaci\u00f3n de derechos de propiedad intelectual. SILKIPTV se reserva el derecho de exigir acuerdos de licencia a quienes utilicen sus marcas registradas para proteger sus derechos de propiedad intelectual.<\/li>\n\n\n\n<li>Ofrecer descuentos, cupones u otras formas de reembolsos prometidos de su comisi\u00f3n de afiliado como incentivo. Sin embargo, a\u00f1adir bonos o combinar otros productos con SILKIPTV es aceptable.<\/li>\n\n\n\n<li>Autorreferencias, transacciones fraudulentas, sospecha de fraude de afiliados.<\/li>\n<\/ul>\n\n\n\n<p>Adem\u00e1s de lo anterior, SILKIPTV se reserva el derecho de cancelar cualquier cuenta de Afiliado en cualquier momento, por cualquier violaci\u00f3n de este Acuerdo o sin motivo alguno.<\/p>\n\n\n\n<h2 class=\"wp-block-heading\" id=\"affiliate-links\">Enlaces de afiliados<\/h2>\n\n\n\n<p>Puede usar enlaces gr\u00e1ficos y de texto tanto en su sitio web como en sus correos electr\u00f3nicos. Tambi\u00e9n puede anunciar el sitio de SILKIPTV en anuncios clasificados online y offline, revistas y peri\u00f3dicos.<\/p>\n\n\n\n<p>Puede utilizar los gr\u00e1ficos y el texto que le proporcionamos, o puede crear los suyos propios siempre que se consideren apropiados seg\u00fan las condiciones y no infrinjan lo descrito en la secci\u00f3n de Terminaci\u00f3n.<\/p>\n\n\n\n<h2 class=\"wp-block-heading\" id=\"coupon-and-deal-sites\">Sitios de cupones y ofertas<\/h2>\n\n\n\n<p>SILKIPTV ofrece ocasionalmente cupones a afiliados selectos y a los suscriptores de nuestro bolet\u00edn informativo. Si no cuenta con la aprobaci\u00f3n previa o un cup\u00f3n de marca asignado, no podr\u00e1 promocionarlo. A continuaci\u00f3n, se detallan los t\u00e9rminos aplicables a cualquier afiliado que est\u00e9 considerando promocionar nuestros productos en relaci\u00f3n con una oferta o cup\u00f3n:<\/p>\n\n\n\n<ul class=\"wp-block-list\">\n<li>Los afiliados no pueden usar texto enga\u00f1oso en enlaces, botones o im\u00e1genes de afiliados para dar a entender que algo adem\u00e1s de lo autorizado actualmente se relaciona con el afiliado espec\u00edfico.<\/li>\n\n\n\n<li>Los afiliados no pueden ofertar por cupones de SILKIPTV, descuentos de SILKIPTV u otras frases que impliquen que hay cupones disponibles.<\/li>\n\n\n\n<li>Los afiliados no pueden generar ventanas emergentes, ventanas subyacentes, iframes, marcos ni ninguna otra acci\u00f3n visible o invisible que active cookies de afiliados, a menos que el usuario haya expresado un inter\u00e9s claro y expl\u00edcito en activar un descuento espec\u00edfico haciendo clic en un enlace, bot\u00f3n o imagen claramente marcado para ese cup\u00f3n u oferta en particular. El enlace debe dirigir al visitante al sitio web del comerciante.<\/li>\n\n\n\n<li>El usuario debe poder ver la informaci\u00f3n y los detalles de los cupones\/ofertas\/ahorros antes de que se configure una cookie de afiliado (es decir, \u201chaga clic aqu\u00ed para ver los cupones y abrir una ventana al sitio del comerciante\u201d NO est\u00e1 permitido).<\/li>\n\n\n\n<li>Los sitios afiliados no pueden incluir la opci\u00f3n &quot;Haga clic para ver la oferta\/cup\u00f3n&quot; ni ninguna variaci\u00f3n si no hay cupones ni ofertas disponibles y el clic abre el sitio web del comerciante o instala una cookie. Los afiliados que incluyan dicho texto en la p\u00e1gina de destino del comerciante ser\u00e1n eliminados del programa inmediatamente.<\/li>\n<\/ul>\n\n\n\n<h2 class=\"wp-block-heading\" id=\"ppc-policy\">Pol\u00edtica de pago por clic (PPC)<\/h2>\n\n\n\n<p>No se permiten ofertas PPC sin permiso previo por escrito.<\/p>\n\n\n\n<h2 class=\"wp-block-heading\" id=\"liability\">Responsabilidad<\/h2>\n\n\n\n<p>SILKIPTV no ser\u00e1 responsable de da\u00f1os indirectos o accidentales (p\u00e9rdida de ingresos, comisiones) debido a fallas de seguimiento de afiliados, p\u00e9rdida de archivos de base de datos o cualquier resultado de intenciones de da\u00f1o al Programa y\/o a nuestro(s) sitio(s) web.<\/p>\n\n\n\n<p>No ofrecemos garant\u00edas, expresas ni impl\u00edcitas, con respecto al Programa, las membres\u00edas o los productos vendidos por SILKIPTV. No garantizamos que el funcionamiento del Programa o de nuestro(s) sitio(s) web est\u00e9(n) libre de errores y no nos responsabilizamos de ninguna interrupci\u00f3n o error.<\/p>\n\n\n\n<h2 class=\"wp-block-heading\" id=\"term-of-agreement\">Plazo del Acuerdo<\/h2>\n\n\n\n<p>El plazo de este Acuerdo comienza cuando usted acepta el Programa y finalizar\u00e1 cuando se cancele su cuenta de Afiliado.<\/p>\n\n\n\n<p>Podemos modificar los t\u00e9rminos y condiciones de este acuerdo en cualquier momento. Si alguna modificaci\u00f3n de los t\u00e9rminos y condiciones de este Acuerdo le resulta inaceptable, su \u00fanica opci\u00f3n es cancelar su cuenta de Afiliado. Su participaci\u00f3n continua en el Programa constituir\u00e1 su aceptaci\u00f3n de cualquier cambio.<\/p>\n\n\n\n<h2 class=\"wp-block-heading\" id=\"indemnification\">Indemnizaci\u00f3n<\/h2>\n\n\n\n<p>El Afiliado deber\u00e1 indemnizar y mantener indemne a SILKIPTV y sus compa\u00f1\u00edas afiliadas y subsidiarias, funcionarios, directores, empleados, licenciatarios, sucesores y cesionarios, incluidos aquellos autorizados o autorizados por SILKIPTV para transmitir y distribuir materiales, de todas y cada una de las responsabilidades, da\u00f1os, multas, sentencias, reclamos, costos, p\u00e9rdidas y gastos (incluidos los honorarios y costos legales razonables) que surjan o est\u00e9n relacionados con todos y cada uno de los reclamos sostenidos en relaci\u00f3n con este Acuerdo debido a la negligencia, tergiversaci\u00f3n, falta de divulgaci\u00f3n o mala conducta intencional del Afiliado.<\/p>\n\n\n\n<h2 class=\"wp-block-heading\" id=\"electronic-signatures-effective\">Firmas electr\u00f3nicas efectivas<\/h2>\n\n\n\n<p>El Acuerdo es un contrato electr\u00f3nico que establece los t\u00e9rminos legalmente vinculantes de su participaci\u00f3n en el programa de afiliados de SILKIPTV. Al completar el proceso de solicitud de SILKIPTV, usted acepta este Acuerdo y todos los t\u00e9rminos y condiciones contenidos o mencionados en \u00e9l. Esta acci\u00f3n crea una firma electr\u00f3nica con la misma validez legal que una firma manuscrita.<\/p>","protected":false},"excerpt":{"rendered":"<p>Affiliate Terms of Use As an authorized affiliate (Affiliate) of SILKIPTV, you agree to abide by the terms and conditions [&hellip;]<\/p>","protected":false},"author":1,"featured_media":0,"parent":0,"menu_order":0,"comment_status":"closed","ping_status":"closed","template":"","meta":{"site-sidebar-layout":"default","site-content-layout":"","ast-site-content-layout":"default","site-content-style":"default","site-sidebar-style":"default","ast-global-header-display":"","ast-banner-title-visibility":"","ast-main-header-display":"","ast-hfb-above-header-display":"","ast-hfb-below-header-display":"","ast-hfb-mobile-header-display":"","site-post-title":"","ast-breadcrumbs-content":"","ast-featured-img":"","footer-sml-layout":"","ast-disable-related-posts":"","theme-transparent-header-meta":"","adv-header-id-meta":"","stick-header-meta":"","header-above-stick-meta":"","header-main-stick-meta":"","header-below-stick-meta":"","astra-migrate-meta-layouts":"default","ast-page-background-enabled":"default","ast-page-background-meta":{"desktop":{"background-color":"var(--ast-global-color-4)","background-image":"","background-repeat":"repeat","background-position":"center center","background-size":"auto","background-attachment":"scroll","background-type":"","background-media":"","overlay-type":"","overlay-color":"","overlay-opacity":"","overlay-gradient":""},"tablet":{"background-color":"","background-image":"","background-repeat":"repeat","background-position":"center center","background-size":"auto","background-attachment":"scroll","background-type":"","background-media":"","overlay-type":"","overlay-color":"","overlay-opacity":"","overlay-gradient":""},"mobile":{"background-color":"","background-image":"","background-repeat":"repeat","background-position":"center center","background-size":"auto","background-attachment":"scroll","background-type":"","background-media":"","overlay-type":"","overlay-color":"","overlay-opacity":"","overlay-gradient":""}},"ast-content-background-meta":{"desktop":{"background-color":"var(--ast-global-color-5)","background-image":"","background-repeat":"repeat","background-position":"center center","background-size":"auto","background-attachment":"scroll","background-type":"","background-media":"","overlay-type":"","overlay-color":"","overlay-opacity":"","overlay-gradient":""},"tablet":{"background-color":"var(--ast-global-color-5)","background-image":"","background-repeat":"repeat","background-position":"center center","background-size":"auto","background-attachment":"scroll","background-type":"","background-media":"","overlay-type":"","overlay-color":"","overlay-opacity":"","overlay-gradient":""},"mobile":{"background-color":"var(--ast-global-color-5)","background-image":"","background-repeat":"repeat","background-position":"center center","background-size":"auto","background-attachment":"scroll","background-type":"","background-media":"","overlay-type":"","overlay-color":"","overlay-opacity":"","overlay-gradient":""}},"footnotes":""},"class_list":["post-3069","page","type-page","status-publish","hentry"],"_links":{"self":[{"href":"https:\/\/silkiptv.com\/es\/wp-json\/wp\/v2\/pages\/3069","targetHints":{"allow":["GET"]}}],"collection":[{"href":"https:\/\/silkiptv.com\/es\/wp-json\/wp\/v2\/pages"}],"about":[{"href":"https:\/\/silkiptv.com\/es\/wp-json\/wp\/v2\/types\/page"}],"author":[{"embeddable":true,"href":"https:\/\/silkiptv.com\/es\/wp-json\/wp\/v2\/users\/1"}],"replies":[{"embeddable":true,"href":"https:\/\/silkiptv.com\/es\/wp-json\/wp\/v2\/comments?post=3069"}],"version-history":[{"count":2,"href":"https:\/\/silkiptv.com\/es\/wp-json\/wp\/v2\/pages\/3069\/revisions"}],"predecessor-version":[{"id":3073,"href":"https:\/\/silkiptv.com\/es\/wp-json\/wp\/v2\/pages\/3069\/revisions\/3073"}],"wp:attachment":[{"href":"https:\/\/silkiptv.com\/es\/wp-json\/wp\/v2\/media?parent=3069"}],"curies":[{"name":"wp","href":"https:\/\/api.w.org\/{rel}","templated":true}]}}