{"id":3069,"date":"2025-09-17T11:39:19","date_gmt":"2025-09-17T11:39:19","guid":{"rendered":"https:\/\/silkiptv.com\/?page_id=3069"},"modified":"2025-09-17T11:42:04","modified_gmt":"2025-09-17T11:42:04","slug":"nutzungsbedingungen-fur-partner","status":"publish","type":"page","link":"https:\/\/silkiptv.com\/de\/nutzungsbedingungen-fur-partner\/","title":{"rendered":"Nutzungsbedingungen f\u00fcr Partner"},"content":{"rendered":"<h2 class=\"wp-block-heading\">Nutzungsbedingungen f\u00fcr Partner<\/h2>\n\n\n\n<p>Als autorisierter Partner (Partner) von SILKIPTV erkl\u00e4ren Sie sich mit den Bedingungen dieser Vereinbarung (Vereinbarung) einverstanden. Bitte lesen Sie die gesamte Vereinbarung sorgf\u00e4ltig durch, bevor Sie sich als Partner registrieren und SILKIPTV bewerben.<\/p>\n\n\n\n<p>Ihre Teilnahme am Programm dient ausschlie\u00dflich dazu, rechtm\u00e4\u00dfig f\u00fcr unsere Website zu werben und eine Provision f\u00fcr Mitgliedschaften und Produkte zu erhalten, die von Personen erworben werden, die \u00fcber Ihre eigene Website oder pers\u00f6nliche Empfehlungen an SILKIPTV vermittelt wurden.<\/p>\n\n\n\n<p>Mit Ihrer Anmeldung zum SILKIPTV-Partnerprogramm (Programm) erkl\u00e4ren Sie sich mit dieser Vereinbarung und ihren Bedingungen einverstanden.<\/p>\n\n\n\n<h2 class=\"wp-block-heading\" id=\"approval-or-rejection\">Genehmigung oder Ablehnung des Antrags<\/h2>\n\n\n\n<p>Wir behalten uns das Recht vor, jede Bewerbung f\u00fcr unser Partnerprogramm nach eigenem Ermessen anzunehmen oder abzulehnen. Im Falle der Ablehnung Ihrer Bewerbung haben Sie keinerlei Rechtsanspr\u00fcche gegen uns.<\/p>\n\n\n\n<h2 class=\"wp-block-heading\" id=\"commissions\">Provisionen<\/h2>\n\n\n\n<p>Die Provisionen werden einmal monatlich ausgezahlt. Damit ein Affiliate eine Provision erh\u00e4lt, muss das geworbene Konto mindestens 31 Tage aktiv bleiben.<\/p>\n\n\n\n<p>Sie k\u00f6nnen sich nicht selbst weiterempfehlen und erhalten keine Provision f\u00fcr Ihre eigenen Konten.<\/p>\n\n\n\n<p>Zahlungen werden nur f\u00fcr erfolgreich abgeschlossene Transaktionen versandt. Transaktionen, die zu R\u00fcckbuchungen oder R\u00fcckerstattungen f\u00fchren, werden nicht ausgezahlt.<\/p>\n\n\n\n<h2 class=\"wp-block-heading\" id=\"termination\">Beendigung<\/h2>\n\n\n\n<p>Ihre Partneranmeldung und Ihr Status im Programm k\u00f6nnen aus folgenden Gr\u00fcnden ausgesetzt oder beendet werden:<\/p>\n\n\n\n<ul class=\"wp-block-list\">\n<li>Unangemessene Werbung (falsche Behauptungen, irref\u00fchrende Hyperlinks usw.).<\/li>\n\n\n\n<li>Spamming (Massen-E-Mails, Massen-Newsgroup-Posts usw.).<\/li>\n\n\n\n<li>Werbung auf Webseiten, die illegale Aktivit\u00e4ten beinhalten oder f\u00f6rdern.<\/li>\n\n\n\n<li>Die Nichtoffenlegung der Affiliate-Beziehung bei einer Werbeaktion, die als Empfehlung im Sinne der geltenden Richtlinien und Vorschriften der Federal Trade Commission oder der anwendbaren Landesgesetze gilt.<\/li>\n\n\n\n<li>Verletzung von Rechten des geistigen Eigentums. SILKIPTV beh\u00e4lt sich das Recht vor, von denjenigen, die Marken von SILKIPTV verwenden, Lizenzvereinbarungen zu verlangen, um unsere Rechte des geistigen Eigentums zu sch\u00fctzen.<\/li>\n\n\n\n<li>Das Anbieten von Rabatten, Gutscheinen oder anderen versprochenen R\u00fcckverg\u00fctungen aus Ihrer Affiliate-Provision als Anreiz ist nicht gestattet. Das Hinzuf\u00fcgen von Boni oder das B\u00fcndeln anderer Produkte mit SILKIPTV ist hingegen zul\u00e4ssig.<\/li>\n\n\n\n<li>Selbstempfehlungen, betr\u00fcgerische Transaktionen, Verdacht auf Affiliate-Betrug.<\/li>\n<\/ul>\n\n\n\n<p>Zus\u00e4tzlich zu den vorstehenden Bestimmungen beh\u00e4lt sich SILKIPTV das Recht vor, jedes Affiliate-Konto jederzeit zu k\u00fcndigen, sei es wegen Verst\u00f6\u00dfen gegen diese Vereinbarung oder ohne Angabe von Gr\u00fcnden.<\/p>\n\n\n\n<h2 class=\"wp-block-heading\" id=\"affiliate-links\">Affiliate-Links<\/h2>\n\n\n\n<p>Sie d\u00fcrfen sowohl auf Ihrer Website als auch in Ihren E-Mails grafische und Textlinks verwenden. Au\u00dferdem d\u00fcrfen Sie f\u00fcr die Website SILKIPTV in Online- und Offline-Kleinanzeigen, Zeitschriften und Zeitungen werben.<\/p>\n\n\n\n<p>Sie d\u00fcrfen die von uns bereitgestellten Grafiken und Texte verwenden oder eigene erstellen, sofern diese den Bedingungen entsprechen und nicht gegen die Bestimmungen im Abschnitt \u201eK\u00fcndigung\u201c versto\u00dfen.<\/p>\n\n\n\n<h2 class=\"wp-block-heading\" id=\"coupon-and-deal-sites\">Gutschein- und Schn\u00e4ppchenseiten<\/h2>\n\n\n\n<p>SILKIPTV bietet ausgew\u00e4hlten Partnern und Newsletter-Abonnenten gelegentlich Gutscheine an. Wenn Sie nicht vorab genehmigt wurden oder Ihnen kein Marken-Gutschein zugewiesen wurde, d\u00fcrfen Sie diesen nicht bewerben. Nachfolgend finden Sie die Bedingungen f\u00fcr alle Partner, die unsere Produkte im Zusammenhang mit einem Angebot oder Gutschein bewerben m\u00f6chten:<\/p>\n\n\n\n<ul class=\"wp-block-list\">\n<li>Affiliates d\u00fcrfen auf Affiliate-Links, Schaltfl\u00e4chen oder Bildern keine irref\u00fchrenden Texte verwenden, um den Eindruck zu erwecken, dass etwas anderes als die aktuell autorisierten Gesch\u00e4fte mit dem jeweiligen Affiliate abgeschlossen werden.<\/li>\n\n\n\n<li>Affiliates d\u00fcrfen nicht auf SILKIPTV-Coupons, SILKIPTV-Rabatte oder andere Formulierungen bieten, die darauf hindeuten, dass Coupons verf\u00fcgbar sind.<\/li>\n\n\n\n<li>Affiliate-Partner d\u00fcrfen keine Pop-ups, Pop-unders, iFrames, Frames oder andere sichtbare oder unsichtbare Aktionen einbinden, die Affiliate-Cookies setzen, es sei denn, der Nutzer hat durch Klicken auf einen deutlich gekennzeichneten Link, Button oder ein Bild f\u00fcr den jeweiligen Coupon oder das Angebot ausdr\u00fccklich Interesse an der Aktivierung einer bestimmten Ersparnis bekundet. Ihr Link muss den Besucher auf die Website des H\u00e4ndlers weiterleiten.<\/li>\n\n\n\n<li>Der Nutzer muss die Informationen und Details zu Gutscheinen\/Angeboten\/Ersparnissen sehen k\u00f6nnen, bevor ein Affiliate-Cookie gesetzt wird (z. B. ist \u201cKlicken Sie hier, um Gutscheine anzuzeigen und ein Fenster zur H\u00e4ndlerseite zu \u00f6ffnen\u201d NICHT zul\u00e4ssig).<\/li>\n\n\n\n<li>Partnerseiten d\u00fcrfen keine Formulierungen wie \u201cKlicken Sie hier f\u00fcr (oder um anzuzeigen) Angebot\/Gutschein\u201d oder \u00e4hnliches enthalten, wenn keine Gutscheine oder Angebote verf\u00fcgbar sind und der Klick die H\u00e4ndlerseite \u00f6ffnet oder ein Cookie gesetzt wird. Partner, die solche Texte auf der H\u00e4ndlerseite verwenden, werden umgehend aus dem Programm ausgeschlossen.<\/li>\n<\/ul>\n\n\n\n<h2 class=\"wp-block-heading\" id=\"ppc-policy\">Pay-per-Click-Richtlinie (PPC)<\/h2>\n\n\n\n<p>PPC-Gebote sind ohne vorherige schriftliche Genehmigung NICHT zul\u00e4ssig.<\/p>\n\n\n\n<h2 class=\"wp-block-heading\" id=\"liability\">Haftung<\/h2>\n\n\n\n<p>SILKIPTV \u00fcbernimmt keine Haftung f\u00fcr indirekte oder zuf\u00e4llige Sch\u00e4den (Einnahmenverluste, Provisionsausf\u00e4lle) aufgrund von Fehlern bei der Partnerverfolgung, Verlust von Datenbankdateien oder Folgen von Sch\u00e4digungsabsichten gegen\u00fcber dem Programm und\/oder unserer\/unseren Website(s).<\/p>\n\n\n\n<p>Wir \u00fcbernehmen keinerlei ausdr\u00fcckliche oder stillschweigende Gew\u00e4hrleistung f\u00fcr das Programm und\/oder die von SILKIPTV verkauften Mitgliedschaften oder Produkte. Wir garantieren nicht, dass der Betrieb des Programms und\/oder unserer Website(s) fehlerfrei ist, und haften nicht f\u00fcr Unterbrechungen oder Fehler.<\/p>\n\n\n\n<h2 class=\"wp-block-heading\" id=\"term-of-agreement\">Laufzeit der Vereinbarung<\/h2>\n\n\n\n<p>Die Laufzeit dieser Vereinbarung beginnt mit Ihrer Annahme des Programms und endet mit der K\u00fcndigung Ihres Partnerkontos.<\/p>\n\n\n\n<p>Die Bedingungen dieser Vereinbarung k\u00f6nnen von uns jederzeit ge\u00e4ndert werden. Sollten Sie mit einer \u00c4nderung der Bedingungen dieser Vereinbarung nicht einverstanden sein, bleibt Ihnen nur die M\u00f6glichkeit, Ihr Partnerkonto zu k\u00fcndigen. Ihre weitere Teilnahme am Programm gilt als Ihre Zustimmung zu den \u00c4nderungen.<\/p>\n\n\n\n<h2 class=\"wp-block-heading\" id=\"indemnification\">Entsch\u00e4digung<\/h2>\n\n\n\n<p>Der Affiliate verpflichtet sich, SILKIPTV und seine verbundenen Unternehmen und Tochtergesellschaften, leitenden Angestellten, Direktoren, Mitarbeiter, Lizenznehmer, Rechtsnachfolger und Abtretungsempf\u00e4nger, einschlie\u00dflich derjenigen, die von SILKIPTV zur \u00dcbertragung und Verbreitung von Materialien lizenziert oder autorisiert wurden, von jeglicher Haftung, Sch\u00e4den, Bu\u00dfgeldern, Urteilen, Anspr\u00fcchen, Kosten, Verlusten und Ausgaben (einschlie\u00dflich angemessener Anwaltskosten) freizustellen und schadlos zu halten, die sich aus oder im Zusammenhang mit Anspr\u00fcchen ergeben, die im Zusammenhang mit dieser Vereinbarung aufgrund von Fahrl\u00e4ssigkeit, Falschdarstellung, Nichtoffenlegung oder vors\u00e4tzlichem Fehlverhalten des Affiliates entstanden sind.<\/p>\n\n\n\n<h2 class=\"wp-block-heading\" id=\"electronic-signatures-effective\">Elektronische Signaturen wirksam<\/h2>\n\n\n\n<p>Diese Vereinbarung ist ein elektronischer Vertrag, der die rechtsverbindlichen Bedingungen Ihrer Teilnahme am SILKIPTV-Partnerprogramm festlegt. Mit dem Ausf\u00fcllen des SILKIPTV-Anmeldeformulars erkl\u00e4ren Sie sich mit dieser Vereinbarung und allen darin enthaltenen oder referenzierten Bedingungen einverstanden. Dadurch wird eine elektronische Signatur erzeugt, die die gleiche Rechtskraft wie eine handschriftliche Unterschrift besitzt.<\/p>","protected":false},"excerpt":{"rendered":"<p>Affiliate Terms of Use As an authorized affiliate (Affiliate) of SILKIPTV, you agree to abide by the terms and conditions [&hellip;]<\/p>","protected":false},"author":1,"featured_media":0,"parent":0,"menu_order":0,"comment_status":"closed","ping_status":"closed","template":"","meta":{"site-sidebar-layout":"default","site-content-layout":"","ast-site-content-layout":"default","site-content-style":"default","site-sidebar-style":"default","ast-global-header-display":"","ast-banner-title-visibility":"","ast-main-header-display":"","ast-hfb-above-header-display":"","ast-hfb-below-header-display":"","ast-hfb-mobile-header-display":"","site-post-title":"","ast-breadcrumbs-content":"","ast-featured-img":"","footer-sml-layout":"","ast-disable-related-posts":"","theme-transparent-header-meta":"","adv-header-id-meta":"","stick-header-meta":"","header-above-stick-meta":"","header-main-stick-meta":"","header-below-stick-meta":"","astra-migrate-meta-layouts":"default","ast-page-background-enabled":"default","ast-page-background-meta":{"desktop":{"background-color":"var(--ast-global-color-4)","background-image":"","background-repeat":"repeat","background-position":"center center","background-size":"auto","background-attachment":"scroll","background-type":"","background-media":"","overlay-type":"","overlay-color":"","overlay-opacity":"","overlay-gradient":""},"tablet":{"background-color":"","background-image":"","background-repeat":"repeat","background-position":"center center","background-size":"auto","background-attachment":"scroll","background-type":"","background-media":"","overlay-type":"","overlay-color":"","overlay-opacity":"","overlay-gradient":""},"mobile":{"background-color":"","background-image":"","background-repeat":"repeat","background-position":"center center","background-size":"auto","background-attachment":"scroll","background-type":"","background-media":"","overlay-type":"","overlay-color":"","overlay-opacity":"","overlay-gradient":""}},"ast-content-background-meta":{"desktop":{"background-color":"var(--ast-global-color-5)","background-image":"","background-repeat":"repeat","background-position":"center center","background-size":"auto","background-attachment":"scroll","background-type":"","background-media":"","overlay-type":"","overlay-color":"","overlay-opacity":"","overlay-gradient":""},"tablet":{"background-color":"var(--ast-global-color-5)","background-image":"","background-repeat":"repeat","background-position":"center center","background-size":"auto","background-attachment":"scroll","background-type":"","background-media":"","overlay-type":"","overlay-color":"","overlay-opacity":"","overlay-gradient":""},"mobile":{"background-color":"var(--ast-global-color-5)","background-image":"","background-repeat":"repeat","background-position":"center center","background-size":"auto","background-attachment":"scroll","background-type":"","background-media":"","overlay-type":"","overlay-color":"","overlay-opacity":"","overlay-gradient":""}},"footnotes":""},"class_list":["post-3069","page","type-page","status-publish","hentry"],"_links":{"self":[{"href":"https:\/\/silkiptv.com\/de\/wp-json\/wp\/v2\/pages\/3069","targetHints":{"allow":["GET"]}}],"collection":[{"href":"https:\/\/silkiptv.com\/de\/wp-json\/wp\/v2\/pages"}],"about":[{"href":"https:\/\/silkiptv.com\/de\/wp-json\/wp\/v2\/types\/page"}],"author":[{"embeddable":true,"href":"https:\/\/silkiptv.com\/de\/wp-json\/wp\/v2\/users\/1"}],"replies":[{"embeddable":true,"href":"https:\/\/silkiptv.com\/de\/wp-json\/wp\/v2\/comments?post=3069"}],"version-history":[{"count":2,"href":"https:\/\/silkiptv.com\/de\/wp-json\/wp\/v2\/pages\/3069\/revisions"}],"predecessor-version":[{"id":3073,"href":"https:\/\/silkiptv.com\/de\/wp-json\/wp\/v2\/pages\/3069\/revisions\/3073"}],"wp:attachment":[{"href":"https:\/\/silkiptv.com\/de\/wp-json\/wp\/v2\/media?parent=3069"}],"curies":[{"name":"wp","href":"https:\/\/api.w.org\/{rel}","templated":true}]}}