{"id":3069,"date":"2025-09-17T11:39:19","date_gmt":"2025-09-17T11:39:19","guid":{"rendered":"https:\/\/silkiptv.com\/?page_id=3069"},"modified":"2025-09-17T11:42:04","modified_gmt":"2025-09-17T11:42:04","slug":"brugsbetingelser-for-affilierede","status":"publish","type":"page","link":"https:\/\/silkiptv.com\/da\/brugsbetingelser-for-affilierede\/","title":{"rendered":"Brugsbetingelser for tilknyttede virksomheder"},"content":{"rendered":"<h2 class=\"wp-block-heading\">Brugsbetingelser for tilknyttede virksomheder<\/h2>\n\n\n\n<p>Som autoriseret partner (Affiliate) af SILKIPTV accepterer du at overholde vilk\u00e5rene og betingelserne i denne aftale (Aftalen). L\u00e6s venligst hele aftalen omhyggeligt, f\u00f8r du registrerer og promoverer SILKIPTV som partner.<\/p>\n\n\n\n<p>Din deltagelse i programmet er udelukkende for lovligt at annoncere vores hjemmeside for at modtage provision p\u00e5 medlemskaber og produkter k\u00f8bt af personer, der henvises til SILKIPTV via din egen hjemmeside eller personlige henvisninger.<\/p>\n\n\n\n<p>Ved at tilmelde dig SILKIPTVs affiliateprogram (Programmet) accepterer du denne aftale og dens vilk\u00e5r og betingelser.<\/p>\n\n\n\n<h2 class=\"wp-block-heading\" id=\"approval-or-rejection\">Godkendelse eller afvisning af ans\u00f8gningen<\/h2>\n\n\n\n<p>Vi forbeholder os retten til at godkende eller afvise ENHVER ans\u00f8gning om affiliateprogram efter eget sk\u00f8n. Du har ingen retslig klage over os for afvisning af din ans\u00f8gning om affiliateprogram.<\/p>\n\n\n\n<h2 class=\"wp-block-heading\" id=\"commissions\">Kommissioner<\/h2>\n\n\n\n<p>Provisioner udbetales \u00e9n gang om m\u00e5neden. For at en affiliate kan modtage en provision, skal den henviste konto v\u00e6re aktiv i mindst 31 dage.<\/p>\n\n\n\n<p>Du kan ikke henvise dig selv, og du vil ikke modtage provision p\u00e5 dine egne konti.<\/p>\n\n\n\n<p>Betalinger sendes kun for transaktioner, der er gennemf\u00f8rt. Transaktioner, der resulterer i tilbagef\u00f8rsler eller refusioner, udbetales ikke.<\/p>\n\n\n\n<h2 class=\"wp-block-heading\" id=\"termination\">Afslutning<\/h2>\n\n\n\n<p>Din affiliateans\u00f8gning og status i programmet kan blive suspenderet eller afsluttet af en af f\u00f8lgende \u00e5rsager:<\/p>\n\n\n\n<ul class=\"wp-block-list\">\n<li>Upassende annoncer (falske p\u00e5stande, vildledende hyperlinks osv.).<\/li>\n\n\n\n<li>Spamming (masse-e-mails, masseopslag i nyhedsgrupper osv.).<\/li>\n\n\n\n<li>Reklame p\u00e5 websteder, der indeholder eller promoverer ulovlige aktiviteter.<\/li>\n\n\n\n<li>Manglende oplysning om affiliateforholdet for enhver kampagne, der kvalificerer som en godkendelse i henhold til g\u00e6ldende retningslinjer og regler fra Federal Trade Commission eller g\u00e6ldende statslove.<\/li>\n\n\n\n<li>Kr\u00e6nkelse af immaterielle rettigheder. SILKIPTV forbeholder sig retten til at kr\u00e6ve licensaftaler fra dem, der anvender SILKIPTVs varem\u00e6rker, for at beskytte vores immaterielle rettigheder.<\/li>\n\n\n\n<li>At tilbyde rabatter, kuponer eller andre former for lovede provisioner fra din affiliate-provision som et incitament. Det er dog acceptabelt at tilf\u00f8je bonusser eller kombinere andre produkter med SILKIPTV.<\/li>\n\n\n\n<li>Selvhenvisninger, svigagtige transaktioner, mistanke om affiliate-svindel.<\/li>\n<\/ul>\n\n\n\n<p>Ud over ovenst\u00e5ende forbeholder SILKIPTV sig retten til at opsige enhver affiliate-konto n\u00e5r som helst, for enhver overtr\u00e6delse af denne aftale eller uden grund.<\/p>\n\n\n\n<h2 class=\"wp-block-heading\" id=\"affiliate-links\">Affiliate-links<\/h2>\n\n\n\n<p>Du m\u00e5 gerne bruge grafiske links og tekstlinks b\u00e5de p\u00e5 din hjemmeside og i dine e-mails. Du m\u00e5 ogs\u00e5 annoncere for SILKIPTV-webstedet i online og offline rubrikannoncer, magasiner og aviser.<\/p>\n\n\n\n<p>Du kan bruge den grafik og tekst, vi har leveret, eller du kan lave dine egne, s\u00e5 l\u00e6nge de anses for passende i henhold til betingelserne og ikke i strid med betingelserne som beskrevet i afsnittet om opsigelse.<\/p>\n\n\n\n<h2 class=\"wp-block-heading\" id=\"coupon-and-deal-sites\">Kupon- og tilbudssider<\/h2>\n\n\n\n<p>SILKIPTV tilbyder lejlighedsvis kuponer til udvalgte affiliates og til vores nyhedsbrevsabonnenter. Hvis du ikke er forh\u00e5ndsgodkendt\/tildelt en m\u00e6rkevarekupon, har du ikke tilladelse til at promovere kuponen. Nedenfor er de vilk\u00e5r, der g\u00e6lder for enhver affiliate, der overvejer at promovere vores produkter i forbindelse med et tilbud eller en kupon:<\/p>\n\n\n\n<ul class=\"wp-block-list\">\n<li>Affilierede m\u00e5 ikke bruge vildledende tekst p\u00e5 affilierede links, knapper eller billeder for at antyde, at andet end det, der i \u00f8jeblikket er godkendt, handler med den specifikke affiliate.<\/li>\n\n\n\n<li>Affilierede m\u00e5 ikke byde p\u00e5 SILKIPTV-kuponer, SILKIPTV-rabatter eller andre formuleringer, der antyder, at kuponer er tilg\u00e6ngelige.<\/li>\n\n\n\n<li>Affilierede m\u00e5 ikke generere pop op-vinduer, pop under-vinduer, iframes, frames eller andre synlige eller usete handlinger, der s\u00e6tter affiliate-cookies, medmindre brugeren har udtrykt en klar og eksplicit interesse i at aktivere en specifik besparelse ved at klikke p\u00e5 et tydeligt markeret link, en knap eller et billede for den p\u00e5g\u00e6ldende kupon eller tilbud. Dit link skal sende den bes\u00f8gende til forhandlerens websted.<\/li>\n\n\n\n<li>Brugeren skal kunne se oplysninger og detaljer om kuponer\/tilbud\/besparelser, f\u00f8r en affiliate-cookie s\u00e6ttes (dvs. &quot;klik her for at se kuponer og \u00e5bne et vindue til forhandlerens websted&quot; er IKKE tilladt).<\/li>\n\n\n\n<li>Affilierede websteder m\u00e5 ikke have &quot;Klik for (eller for at se) tilbud\/kupon&quot; eller nogen variant, n\u00e5r der ikke er kuponer eller tilbud tilg\u00e6ngelige, og klikket \u00e5bner forhandlerens websted eller s\u00e6tter en cookie. Affilierede med s\u00e5dan tekst p\u00e5 forhandlerens landingsside vil straks blive fjernet fra programmet.<\/li>\n<\/ul>\n\n\n\n<h2 class=\"wp-block-heading\" id=\"ppc-policy\">Betal pr. klik (PPC)-politik<\/h2>\n\n\n\n<p>PPC-budgivning er IKKE tilladt uden forudg\u00e5ende skriftlig tilladelse.<\/p>\n\n\n\n<h2 class=\"wp-block-heading\" id=\"liability\">Ansvar<\/h2>\n\n\n\n<p>SILKIPTV er ikke ansvarlig for indirekte eller utilsigtede skader (tab af indt\u00e6gter, provisioner) p\u00e5 grund af fejl i affiliate-sporing, tab af databasefiler eller andre resultater af hensigter om at skade Programmet og\/eller vores websted(er).<\/p>\n\n\n\n<p>Vi giver ingen udtrykkelige eller underforst\u00e5ede garantier med hensyn til Programmet og\/eller medlemskaber eller produkter, der s\u00e6lges af SILKIPTV. Vi p\u00e5st\u00e5r ikke, at programmets og\/eller vores hjemmeside(r) vil fungere fejlfrit, og vi er ikke ansvarlige for afbrydelser eller fejl.<\/p>\n\n\n\n<h2 class=\"wp-block-heading\" id=\"term-of-agreement\">Aftalens l\u00f8betid<\/h2>\n\n\n\n<p>Denne aftales l\u00f8betid begynder ved din accept af programmet og slutter, n\u00e5r din affiliate-konto opsiges.<\/p>\n\n\n\n<p>Vilk\u00e5rene og betingelserne i denne aftale kan til enhver tid \u00e6ndres af os. Hvis \u00e6ndringer af vilk\u00e5rene og betingelserne i denne aftale er uacceptable for dig, er dit eneste valg at opsige din affiliate-konto. Din fortsatte deltagelse i programmet udg\u00f8r din accept af enhver \u00e6ndring.<\/p>\n\n\n\n<h2 class=\"wp-block-heading\" id=\"indemnification\">Skadesl\u00f8sholdelse<\/h2>\n\n\n\n<p>Tilknyttede selskaber skal skadesl\u00f8sholde og holde SILKIPTV og dets tilknyttede selskaber og datterselskaber, funktion\u00e6rer, direkt\u00f8rer, medarbejdere, licenstagere, efterf\u00f8lgere og cessionarer, herunder dem, der er licenseret eller bemyndiget af SILKIPTV til at transmittere og distribuere materiale, skadesl\u00f8se for ethvert ansvar, skader, b\u00f8der, domme, krav, omkostninger, tab og udgifter (herunder rimelige juridiske gebyrer og omkostninger), der m\u00e5tte opst\u00e5 som f\u00f8lge af eller i forbindelse med alle krav, der frems\u00e6ttes i forbindelse med denne aftale p\u00e5 grund af Tilknyttedes uagtsomhed, vildledning, manglende oplysning eller fors\u00e6tlig forseelse.<\/p>\n\n\n\n<h2 class=\"wp-block-heading\" id=\"electronic-signatures-effective\">Elektroniske signaturer er effektive<\/h2>\n\n\n\n<p>Aftalen er en elektronisk kontrakt, der fasts\u00e6tter de juridisk bindende vilk\u00e5r for din deltagelse i SILKIPTVs affiliateprogram. Du angiver din accept af denne aftale og alle de vilk\u00e5r og betingelser, der er indeholdt eller refereret til i denne aftale, ved at gennemf\u00f8re SILKIPTV-ans\u00f8gningsprocessen. Denne handling opretter en elektronisk signatur, der har samme juridiske kraft og virkning som en h\u00e5ndskrevet underskrift.<\/p>","protected":false},"excerpt":{"rendered":"<p>Affiliate Terms of Use As an authorized affiliate (Affiliate) of SILKIPTV, you agree to abide by the terms and conditions [&hellip;]<\/p>","protected":false},"author":1,"featured_media":0,"parent":0,"menu_order":0,"comment_status":"closed","ping_status":"closed","template":"","meta":{"site-sidebar-layout":"default","site-content-layout":"","ast-site-content-layout":"default","site-content-style":"default","site-sidebar-style":"default","ast-global-header-display":"","ast-banner-title-visibility":"","ast-main-header-display":"","ast-hfb-above-header-display":"","ast-hfb-below-header-display":"","ast-hfb-mobile-header-display":"","site-post-title":"","ast-breadcrumbs-content":"","ast-featured-img":"","footer-sml-layout":"","ast-disable-related-posts":"","theme-transparent-header-meta":"","adv-header-id-meta":"","stick-header-meta":"","header-above-stick-meta":"","header-main-stick-meta":"","header-below-stick-meta":"","astra-migrate-meta-layouts":"default","ast-page-background-enabled":"default","ast-page-background-meta":{"desktop":{"background-color":"var(--ast-global-color-4)","background-image":"","background-repeat":"repeat","background-position":"center center","background-size":"auto","background-attachment":"scroll","background-type":"","background-media":"","overlay-type":"","overlay-color":"","overlay-opacity":"","overlay-gradient":""},"tablet":{"background-color":"","background-image":"","background-repeat":"repeat","background-position":"center center","background-size":"auto","background-attachment":"scroll","background-type":"","background-media":"","overlay-type":"","overlay-color":"","overlay-opacity":"","overlay-gradient":""},"mobile":{"background-color":"","background-image":"","background-repeat":"repeat","background-position":"center center","background-size":"auto","background-attachment":"scroll","background-type":"","background-media":"","overlay-type":"","overlay-color":"","overlay-opacity":"","overlay-gradient":""}},"ast-content-background-meta":{"desktop":{"background-color":"var(--ast-global-color-5)","background-image":"","background-repeat":"repeat","background-position":"center center","background-size":"auto","background-attachment":"scroll","background-type":"","background-media":"","overlay-type":"","overlay-color":"","overlay-opacity":"","overlay-gradient":""},"tablet":{"background-color":"var(--ast-global-color-5)","background-image":"","background-repeat":"repeat","background-position":"center center","background-size":"auto","background-attachment":"scroll","background-type":"","background-media":"","overlay-type":"","overlay-color":"","overlay-opacity":"","overlay-gradient":""},"mobile":{"background-color":"var(--ast-global-color-5)","background-image":"","background-repeat":"repeat","background-position":"center center","background-size":"auto","background-attachment":"scroll","background-type":"","background-media":"","overlay-type":"","overlay-color":"","overlay-opacity":"","overlay-gradient":""}},"footnotes":""},"class_list":["post-3069","page","type-page","status-publish","hentry"],"_links":{"self":[{"href":"https:\/\/silkiptv.com\/da\/wp-json\/wp\/v2\/pages\/3069","targetHints":{"allow":["GET"]}}],"collection":[{"href":"https:\/\/silkiptv.com\/da\/wp-json\/wp\/v2\/pages"}],"about":[{"href":"https:\/\/silkiptv.com\/da\/wp-json\/wp\/v2\/types\/page"}],"author":[{"embeddable":true,"href":"https:\/\/silkiptv.com\/da\/wp-json\/wp\/v2\/users\/1"}],"replies":[{"embeddable":true,"href":"https:\/\/silkiptv.com\/da\/wp-json\/wp\/v2\/comments?post=3069"}],"version-history":[{"count":2,"href":"https:\/\/silkiptv.com\/da\/wp-json\/wp\/v2\/pages\/3069\/revisions"}],"predecessor-version":[{"id":3073,"href":"https:\/\/silkiptv.com\/da\/wp-json\/wp\/v2\/pages\/3069\/revisions\/3073"}],"wp:attachment":[{"href":"https:\/\/silkiptv.com\/da\/wp-json\/wp\/v2\/media?parent=3069"}],"curies":[{"name":"wp","href":"https:\/\/api.w.org\/{rel}","templated":true}]}}